{"id":748,"date":"2021-07-01T20:12:19","date_gmt":"2021-07-01T20:12:19","guid":{"rendered":"https:\/\/projekt.kliendiportaal.ee\/pump\/?page_id=748"},"modified":"2021-08-02T18:55:06","modified_gmt":"2021-08-02T18:55:06","slug":"remont-2","status":"publish","type":"page","link":"https:\/\/www.pumpmix.ee\/vana\/remont-2\/","title":{"rendered":"Remont"},"content":{"rendered":"\t\t<div data-elementor-type=\"wp-page\" data-elementor-id=\"748\" class=\"elementor elementor-748\">\n\t\t\t\t\t\t<section class=\"ob-is-breaking-bad elementor-section elementor-top-section elementor-element elementor-element-a3a0174 elementor-section-full_width elementor-section-height-default elementor-section-height-default\" data-id=\"a3a0174\" data-element_type=\"section\" data-settings=\"{&quot;background_background&quot;:&quot;classic&quot;,&quot;_ob_bbad_use_it&quot;:&quot;yes&quot;,&quot;_ob_bbad_sssic_use&quot;:&quot;no&quot;,&quot;_ob_glider_is_slider&quot;:&quot;no&quot;}\">\n\t\t\t\t\t\t\t<div class=\"elementor-background-overlay\"><\/div>\n\t\t\t\t\t\t\t<div class=\"elementor-container elementor-column-gap-default\">\n\t\t\t\t\t<div class=\"elementor-column elementor-col-100 elementor-top-column elementor-element elementor-element-7b588cb\" data-id=\"7b588cb\" data-element_type=\"column\" data-settings=\"{&quot;background_background&quot;:&quot;classic&quot;,&quot;_ob_bbad_is_stalker&quot;:&quot;no&quot;,&quot;_ob_teleporter_use&quot;:false,&quot;_ob_column_hoveranimator&quot;:&quot;no&quot;,&quot;_ob_column_has_pseudo&quot;:&quot;no&quot;}\">\n\t\t\t<div class=\"elementor-widget-wrap elementor-element-populated\">\n\t\t\t\t\t\t<section class=\"ob-is-breaking-bad ob-bb-inner elementor-section elementor-inner-section elementor-element elementor-element-26bb4df elementor-section-full_width elementor-section-height-default elementor-section-height-default\" data-id=\"26bb4df\" data-element_type=\"section\" data-settings=\"{&quot;background_background&quot;:&quot;classic&quot;,&quot;_ob_bbad_use_it&quot;:&quot;yes&quot;,&quot;_ob_bbad_sssic_use&quot;:&quot;no&quot;,&quot;_ob_glider_is_slider&quot;:&quot;no&quot;}\">\n\t\t\t\t\t\t<div class=\"elementor-container elementor-column-gap-default\">\n\t\t\t\t\t<div class=\"elementor-column elementor-col-100 elementor-inner-column elementor-element elementor-element-d55d711\" data-id=\"d55d711\" data-element_type=\"column\" data-settings=\"{&quot;_ob_bbad_is_stalker&quot;:&quot;no&quot;,&quot;_ob_teleporter_use&quot;:false,&quot;_ob_column_hoveranimator&quot;:&quot;no&quot;,&quot;_ob_column_has_pseudo&quot;:&quot;no&quot;}\">\n\t\t\t<div class=\"elementor-widget-wrap elementor-element-populated\">\n\t\t\t\t\t\t<div class=\"elementor-element elementor-element-65b7052 ob-harakiri-inherit ob-has-background-overlay elementor-widget elementor-widget-heading\" data-id=\"65b7052\" data-element_type=\"widget\" data-settings=\"{&quot;_ob_use_harakiri&quot;:&quot;yes&quot;,&quot;_ob_harakiri_writing_mode&quot;:&quot;inherit&quot;,&quot;_ob_harakiri_text_clip&quot;:&quot;none&quot;,&quot;_ob_perspektive_use&quot;:&quot;no&quot;,&quot;_ob_poopart_use&quot;:&quot;yes&quot;,&quot;_ob_shadough_use&quot;:&quot;no&quot;,&quot;_ob_allow_hoveranimator&quot;:&quot;no&quot;,&quot;_ob_widget_stalker_use&quot;:&quot;no&quot;}\" data-widget_type=\"heading.default\">\n\t\t\t\t<div class=\"elementor-widget-container\">\n\t\t\t\t\t<h2 class=\"elementor-heading-title elementor-size-default\">Kes me oleme?<\/h2>\t\t\t\t<\/div>\n\t\t\t\t<\/div>\n\t\t\t\t<div class=\"elementor-element elementor-element-965f286 elementor-widget__width-inherit ob-harakiri-inherit ob-has-background-overlay elementor-widget elementor-widget-text-editor\" data-id=\"965f286\" data-element_type=\"widget\" data-settings=\"{&quot;_ob_use_harakiri&quot;:&quot;yes&quot;,&quot;_ob_harakiri_writing_mode&quot;:&quot;inherit&quot;,&quot;_ob_postman_use&quot;:&quot;no&quot;,&quot;_ob_perspektive_use&quot;:&quot;no&quot;,&quot;_ob_poopart_use&quot;:&quot;yes&quot;,&quot;_ob_shadough_use&quot;:&quot;no&quot;,&quot;_ob_allow_hoveranimator&quot;:&quot;no&quot;,&quot;_ob_widget_stalker_use&quot;:&quot;no&quot;}\" data-widget_type=\"text-editor.default\">\n\t\t\t\t<div class=\"elementor-widget-container\">\n\t\t\t\t\t\t\t\t\t<p>Meie eesm\u00e4rgiks on pakkuda t\u00e4isteenust, et olla usaldusv\u00e4\u00e4rne partner kogu koost\u00f6\u00f6 v\u00e4ltel. Pakume k\u00f5ikidele meie poolt m\u00fc\u00fcdud seadmetele ja masinatele hooldus- remonditeenust. K\u00f5iki t\u00f6id teostavad oma ala professionaalid ja vastava v\u00e4lja\u00f5ppe saanud t\u00f6\u00f6tajad.<\/p><p>K\u00f5ikide k\u00fcsimuste ja soovidega palume helistada <span style=\"color: #000000;\"><strong><a class=\"techextension-click-to-call\" style=\"color: #000000;\" title=\"Click-to-Call +372 5627798\">+372 5014 252<\/a><\/strong><\/span>\u00a0v\u00f5i kirjutada meile kiri <strong>info@pumpmix.ee<\/strong>.<\/p><p><strong><span style=\"text-decoration: underline;\">Vastame t\u00f6\u00f6p\u00e4eviti esimesel v\u00f5imalusel.<\/span><\/strong><\/p>\t\t\t\t\t\t\t\t<\/div>\n\t\t\t\t<\/div>\n\t\t\t\t<div class=\"elementor-element elementor-element-dcbc19f elementor-hidden-phone elementor-arrows-position-inside elementor-pagination-position-outside ob-has-background-overlay elementor-widget elementor-widget-image-carousel\" data-id=\"dcbc19f\" data-element_type=\"widget\" data-settings=\"{&quot;slides_to_show&quot;:&quot;4&quot;,&quot;slides_to_scroll&quot;:&quot;8&quot;,&quot;image_spacing_custom&quot;:{&quot;unit&quot;:&quot;px&quot;,&quot;size&quot;:58,&quot;sizes&quot;:[]},&quot;navigation&quot;:&quot;both&quot;,&quot;autoplay&quot;:&quot;yes&quot;,&quot;pause_on_hover&quot;:&quot;yes&quot;,&quot;pause_on_interaction&quot;:&quot;yes&quot;,&quot;autoplay_speed&quot;:5000,&quot;infinite&quot;:&quot;yes&quot;,&quot;speed&quot;:500,&quot;image_spacing_custom_tablet&quot;:{&quot;unit&quot;:&quot;px&quot;,&quot;size&quot;:&quot;&quot;,&quot;sizes&quot;:[]},&quot;image_spacing_custom_mobile&quot;:{&quot;unit&quot;:&quot;px&quot;,&quot;size&quot;:&quot;&quot;,&quot;sizes&quot;:[]},&quot;_ob_perspektive_use&quot;:&quot;no&quot;,&quot;_ob_poopart_use&quot;:&quot;yes&quot;,&quot;_ob_shadough_use&quot;:&quot;no&quot;,&quot;_ob_allow_hoveranimator&quot;:&quot;no&quot;,&quot;_ob_widget_stalker_use&quot;:&quot;no&quot;}\" data-widget_type=\"image-carousel.default\">\n\t\t\t\t<div class=\"elementor-widget-container\">\n\t\t\t\t\t\t\t<div class=\"elementor-image-carousel-wrapper swiper\" role=\"region\" aria-roledescription=\"carousel\" aria-label=\"Image Carousel\" dir=\"ltr\">\n\t\t\t<div class=\"elementor-image-carousel swiper-wrapper\" aria-live=\"off\">\n\t\t\t\t\t\t\t\t<div class=\"swiper-slide\" role=\"group\" aria-roledescription=\"slide\" aria-label=\"1 of 4\"><figure class=\"swiper-slide-inner\"><img decoding=\"async\" class=\"swiper-slide-image\" src=\"https:\/\/www.pumpmix.ee\/vana\/wp-content\/uploads\/2021\/06\/atabey-logo.png\" alt=\"atabey-logo\" \/><\/figure><\/div><div class=\"swiper-slide\" role=\"group\" aria-roledescription=\"slide\" aria-label=\"2 of 4\"><figure class=\"swiper-slide-inner\"><img decoding=\"async\" class=\"swiper-slide-image\" src=\"https:\/\/www.pumpmix.ee\/vana\/wp-content\/uploads\/2021\/07\/logo_yellow.svg\" alt=\"logo_yellow\" \/><\/figure><\/div><div class=\"swiper-slide\" role=\"group\" aria-roledescription=\"slide\" aria-label=\"3 of 4\"><figure class=\"swiper-slide-inner\"><img decoding=\"async\" class=\"swiper-slide-image\" src=\"https:\/\/www.pumpmix.ee\/vana\/wp-content\/uploads\/2021\/07\/Allalaaditud-fail-1.svg\" alt=\"Allalaaditud fail (1)\" \/><\/figure><\/div><div class=\"swiper-slide\" role=\"group\" aria-roledescription=\"slide\" aria-label=\"4 of 4\"><figure class=\"swiper-slide-inner\"><img decoding=\"async\" class=\"swiper-slide-image\" src=\"https:\/\/www.pumpmix.ee\/vana\/wp-content\/uploads\/2021\/07\/logo-elettrondata.png\" alt=\"logo-elettrondata\" \/><\/figure><\/div>\t\t\t<\/div>\n\t\t\t\t\t\t\t\t\t\t\t\t<div class=\"elementor-swiper-button elementor-swiper-button-prev\" role=\"button\" tabindex=\"0\">\n\t\t\t\t\t\t<i aria-hidden=\"true\" class=\"eicon-chevron-left\"><\/i>\t\t\t\t\t<\/div>\n\t\t\t\t\t<div class=\"elementor-swiper-button elementor-swiper-button-next\" role=\"button\" tabindex=\"0\">\n\t\t\t\t\t\t<i aria-hidden=\"true\" class=\"eicon-chevron-right\"><\/i>\t\t\t\t\t<\/div>\n\t\t\t\t\n\t\t\t\t\t\t\t\t\t<div class=\"swiper-pagination\"><\/div>\n\t\t\t\t\t\t\t\t\t<\/div>\n\t\t\t\t\t\t<\/div>\n\t\t\t\t<\/div>\n\t\t\t\t\t<\/div>\n\t\t<\/div>\n\t\t\t\t\t<\/div>\n\t\t<\/section>\n\t\t\t\t\t<\/div>\n\t\t<\/div>\n\t\t\t\t\t<\/div>\n\t\t<\/section>\n\t\t\t\t<\/div>\n\t\t","protected":false},"excerpt":{"rendered":"<p>Meie eesm\u00e4rgiks on pakkuda t\u00e4isteenust, et olla usaldusv\u00e4\u00e4rne partner kogu koost\u00f6\u00f6 v\u00e4ltel. Pakume k\u00f5ikidele meie poolt m\u00fc\u00fcdud seadmetele ja masinatele hooldus- remonditeenust. K\u00f5iki t\u00f6id teostavad oma ala professionaalid ja vastava v\u00e4lja\u00f5ppe saanud t\u00f6\u00f6tajad. K\u00f5ikide k\u00fcsimuste ja soovidega palume helistada +372 5014 252\u00a0v\u00f5i kirjutada meile kiri info@pumpmix.ee. Vastame t\u00f6\u00f6p\u00e4eviti esimesel v\u00f5imalusel. Previous Next<\/p>\n","protected":false},"author":1,"featured_media":0,"parent":0,"menu_order":0,"comment_status":"closed","ping_status":"closed","template":"elementor_header_footer","meta":{"footnotes":""},"class_list":["post-748","page","type-page","status-publish","hentry"],"yoast_head":"<!-- This site is optimized with the Yoast SEO plugin v25.8 - https:\/\/yoast.com\/wordpress\/plugins\/seo\/ -->\n<title>Remont - Pump-Mix O\u00dc<\/title>\n<meta name=\"robots\" content=\"noindex, follow, max-snippet:-1, max-image-preview:large, max-video-preview:-1\" \/>\n<meta property=\"og:locale\" content=\"et_EE\" \/>\n<meta property=\"og:type\" content=\"article\" \/>\n<meta property=\"og:title\" content=\"Remont - Pump-Mix O\u00dc\" \/>\n<meta property=\"og:description\" content=\"Meie eesm\u00e4rgiks on pakkuda t\u00e4isteenust, et olla usaldusv\u00e4\u00e4rne partner kogu koost\u00f6\u00f6 v\u00e4ltel. Pakume k\u00f5ikidele meie poolt m\u00fc\u00fcdud seadmetele ja masinatele hooldus- remonditeenust. K\u00f5iki t\u00f6id teostavad oma ala professionaalid ja vastava v\u00e4lja\u00f5ppe saanud t\u00f6\u00f6tajad. K\u00f5ikide k\u00fcsimuste ja soovidega palume helistada +372 5014 252\u00a0v\u00f5i kirjutada meile kiri info@pumpmix.ee. Vastame t\u00f6\u00f6p\u00e4eviti esimesel v\u00f5imalusel. Previous Next\" \/>\n<meta property=\"og:url\" content=\"https:\/\/www.pumpmix.ee\/vana\/remont-2\/\" \/>\n<meta property=\"og:site_name\" content=\"Pump-Mix O\u00dc\" \/>\n<meta property=\"article:modified_time\" content=\"2021-08-02T18:55:06+00:00\" \/>\n<meta property=\"og:image\" content=\"http:\/\/pumpmix.ee\/vana\/wp-content\/uploads\/2021\/06\/atabey-logo.png\" \/>\n<meta name=\"twitter:card\" content=\"summary_large_image\" \/>\n<script type=\"application\/ld+json\" class=\"yoast-schema-graph\">{\"@context\":\"https:\/\/schema.org\",\"@graph\":[{\"@type\":\"WebPage\",\"@id\":\"https:\/\/www.pumpmix.ee\/vana\/remont-2\/\",\"url\":\"https:\/\/www.pumpmix.ee\/vana\/remont-2\/\",\"name\":\"Remont - Pump-Mix O\u00dc\",\"isPartOf\":{\"@id\":\"https:\/\/www.pumpmix.ee\/vana\/#website\"},\"primaryImageOfPage\":{\"@id\":\"https:\/\/www.pumpmix.ee\/vana\/remont-2\/#primaryimage\"},\"image\":{\"@id\":\"https:\/\/www.pumpmix.ee\/vana\/remont-2\/#primaryimage\"},\"thumbnailUrl\":\"http:\/\/pumpmix.ee\/vana\/wp-content\/uploads\/2021\/06\/atabey-logo.png\",\"datePublished\":\"2021-07-01T20:12:19+00:00\",\"dateModified\":\"2021-08-02T18:55:06+00:00\",\"breadcrumb\":{\"@id\":\"https:\/\/www.pumpmix.ee\/vana\/remont-2\/#breadcrumb\"},\"inLanguage\":\"et\",\"potentialAction\":[{\"@type\":\"ReadAction\",\"target\":[\"https:\/\/www.pumpmix.ee\/vana\/remont-2\/\"]}]},{\"@type\":\"ImageObject\",\"inLanguage\":\"et\",\"@id\":\"https:\/\/www.pumpmix.ee\/vana\/remont-2\/#primaryimage\",\"url\":\"http:\/\/pumpmix.ee\/vana\/wp-content\/uploads\/2021\/06\/atabey-logo.png\",\"contentUrl\":\"http:\/\/pumpmix.ee\/vana\/wp-content\/uploads\/2021\/06\/atabey-logo.png\"},{\"@type\":\"BreadcrumbList\",\"@id\":\"https:\/\/www.pumpmix.ee\/vana\/remont-2\/#breadcrumb\",\"itemListElement\":[{\"@type\":\"ListItem\",\"position\":1,\"name\":\"Home\",\"item\":\"https:\/\/www.pumpmix.ee\/vana\/\"},{\"@type\":\"ListItem\",\"position\":2,\"name\":\"Remont\"}]},{\"@type\":\"WebSite\",\"@id\":\"https:\/\/www.pumpmix.ee\/vana\/#website\",\"url\":\"https:\/\/www.pumpmix.ee\/vana\/\",\"name\":\"Pump-Mix O\u00dc\",\"description\":\"CIFA BETOONIAUTOD  AUTEC RAADIOPULDID  ELETTRONDATA JUHTIMISS\u00dcSTEEMID\",\"potentialAction\":[{\"@type\":\"SearchAction\",\"target\":{\"@type\":\"EntryPoint\",\"urlTemplate\":\"https:\/\/www.pumpmix.ee\/vana\/?s={search_term_string}\"},\"query-input\":{\"@type\":\"PropertyValueSpecification\",\"valueRequired\":true,\"valueName\":\"search_term_string\"}}],\"inLanguage\":\"et\"}]}<\/script>\n<!-- \/ Yoast SEO plugin. -->","yoast_head_json":{"title":"Remont - Pump-Mix O\u00dc","robots":{"index":"noindex","follow":"follow","max-snippet":"max-snippet:-1","max-image-preview":"max-image-preview:large","max-video-preview":"max-video-preview:-1"},"og_locale":"et_EE","og_type":"article","og_title":"Remont - Pump-Mix O\u00dc","og_description":"Meie eesm\u00e4rgiks on pakkuda t\u00e4isteenust, et olla usaldusv\u00e4\u00e4rne partner kogu koost\u00f6\u00f6 v\u00e4ltel. Pakume k\u00f5ikidele meie poolt m\u00fc\u00fcdud seadmetele ja masinatele hooldus- remonditeenust. K\u00f5iki t\u00f6id teostavad oma ala professionaalid ja vastava v\u00e4lja\u00f5ppe saanud t\u00f6\u00f6tajad. K\u00f5ikide k\u00fcsimuste ja soovidega palume helistada +372 5014 252\u00a0v\u00f5i kirjutada meile kiri info@pumpmix.ee. Vastame t\u00f6\u00f6p\u00e4eviti esimesel v\u00f5imalusel. Previous Next","og_url":"https:\/\/www.pumpmix.ee\/vana\/remont-2\/","og_site_name":"Pump-Mix O\u00dc","article_modified_time":"2021-08-02T18:55:06+00:00","og_image":[{"url":"http:\/\/pumpmix.ee\/vana\/wp-content\/uploads\/2021\/06\/atabey-logo.png","type":"","width":"","height":""}],"twitter_card":"summary_large_image","schema":{"@context":"https:\/\/schema.org","@graph":[{"@type":"WebPage","@id":"https:\/\/www.pumpmix.ee\/vana\/remont-2\/","url":"https:\/\/www.pumpmix.ee\/vana\/remont-2\/","name":"Remont - Pump-Mix O\u00dc","isPartOf":{"@id":"https:\/\/www.pumpmix.ee\/vana\/#website"},"primaryImageOfPage":{"@id":"https:\/\/www.pumpmix.ee\/vana\/remont-2\/#primaryimage"},"image":{"@id":"https:\/\/www.pumpmix.ee\/vana\/remont-2\/#primaryimage"},"thumbnailUrl":"http:\/\/pumpmix.ee\/vana\/wp-content\/uploads\/2021\/06\/atabey-logo.png","datePublished":"2021-07-01T20:12:19+00:00","dateModified":"2021-08-02T18:55:06+00:00","breadcrumb":{"@id":"https:\/\/www.pumpmix.ee\/vana\/remont-2\/#breadcrumb"},"inLanguage":"et","potentialAction":[{"@type":"ReadAction","target":["https:\/\/www.pumpmix.ee\/vana\/remont-2\/"]}]},{"@type":"ImageObject","inLanguage":"et","@id":"https:\/\/www.pumpmix.ee\/vana\/remont-2\/#primaryimage","url":"http:\/\/pumpmix.ee\/vana\/wp-content\/uploads\/2021\/06\/atabey-logo.png","contentUrl":"http:\/\/pumpmix.ee\/vana\/wp-content\/uploads\/2021\/06\/atabey-logo.png"},{"@type":"BreadcrumbList","@id":"https:\/\/www.pumpmix.ee\/vana\/remont-2\/#breadcrumb","itemListElement":[{"@type":"ListItem","position":1,"name":"Home","item":"https:\/\/www.pumpmix.ee\/vana\/"},{"@type":"ListItem","position":2,"name":"Remont"}]},{"@type":"WebSite","@id":"https:\/\/www.pumpmix.ee\/vana\/#website","url":"https:\/\/www.pumpmix.ee\/vana\/","name":"Pump-Mix O\u00dc","description":"CIFA BETOONIAUTOD  AUTEC RAADIOPULDID  ELETTRONDATA JUHTIMISS\u00dcSTEEMID","potentialAction":[{"@type":"SearchAction","target":{"@type":"EntryPoint","urlTemplate":"https:\/\/www.pumpmix.ee\/vana\/?s={search_term_string}"},"query-input":{"@type":"PropertyValueSpecification","valueRequired":true,"valueName":"search_term_string"}}],"inLanguage":"et"}]}},"_links":{"self":[{"href":"https:\/\/www.pumpmix.ee\/vana\/wp-json\/wp\/v2\/pages\/748","targetHints":{"allow":["GET"]}}],"collection":[{"href":"https:\/\/www.pumpmix.ee\/vana\/wp-json\/wp\/v2\/pages"}],"about":[{"href":"https:\/\/www.pumpmix.ee\/vana\/wp-json\/wp\/v2\/types\/page"}],"author":[{"embeddable":true,"href":"https:\/\/www.pumpmix.ee\/vana\/wp-json\/wp\/v2\/users\/1"}],"replies":[{"embeddable":true,"href":"https:\/\/www.pumpmix.ee\/vana\/wp-json\/wp\/v2\/comments?post=748"}],"version-history":[{"count":5,"href":"https:\/\/www.pumpmix.ee\/vana\/wp-json\/wp\/v2\/pages\/748\/revisions"}],"predecessor-version":[{"id":2033,"href":"https:\/\/www.pumpmix.ee\/vana\/wp-json\/wp\/v2\/pages\/748\/revisions\/2033"}],"wp:attachment":[{"href":"https:\/\/www.pumpmix.ee\/vana\/wp-json\/wp\/v2\/media?parent=748"}],"curies":[{"name":"wp","href":"https:\/\/api.w.org\/{rel}","templated":true}]}}