{"id":47,"date":"2021-06-27T14:05:12","date_gmt":"2021-06-27T14:05:12","guid":{"rendered":"https:\/\/projekt.kliendiportaal.ee\/pump\/?page_id=47"},"modified":"2021-08-02T18:54:03","modified_gmt":"2021-08-02T18:54:03","slug":"betooni-pumpamine","status":"publish","type":"page","link":"https:\/\/www.pumpmix.ee\/vana\/betooni-pumpamine\/","title":{"rendered":"Betooni pumpamine"},"content":{"rendered":"\t\t<div data-elementor-type=\"wp-page\" data-elementor-id=\"47\" class=\"elementor elementor-47\">\n\t\t\t\t\t\t<section class=\"ob-is-breaking-bad elementor-section elementor-top-section elementor-element elementor-element-90e41ab elementor-section-full_width elementor-section-height-default elementor-section-height-default\" data-id=\"90e41ab\" data-element_type=\"section\" data-settings=\"{&quot;background_background&quot;:&quot;classic&quot;,&quot;_ob_bbad_use_it&quot;:&quot;yes&quot;,&quot;_ob_bbad_sssic_use&quot;:&quot;no&quot;,&quot;_ob_glider_is_slider&quot;:&quot;no&quot;}\">\n\t\t\t\t\t\t\t<div class=\"elementor-background-overlay\"><\/div>\n\t\t\t\t\t\t\t<div class=\"elementor-container elementor-column-gap-default\">\n\t\t\t\t\t<div class=\"elementor-column elementor-col-100 elementor-top-column elementor-element elementor-element-667d1f6\" data-id=\"667d1f6\" data-element_type=\"column\" data-settings=\"{&quot;background_background&quot;:&quot;classic&quot;,&quot;_ob_bbad_is_stalker&quot;:&quot;no&quot;,&quot;_ob_teleporter_use&quot;:false,&quot;_ob_column_hoveranimator&quot;:&quot;no&quot;,&quot;_ob_column_has_pseudo&quot;:&quot;no&quot;}\">\n\t\t\t<div class=\"elementor-widget-wrap elementor-element-populated\">\n\t\t\t\t\t\t<section class=\"ob-is-breaking-bad ob-bb-inner elementor-section elementor-inner-section elementor-element elementor-element-0e4c19f elementor-section-full_width elementor-section-height-default elementor-section-height-default\" data-id=\"0e4c19f\" data-element_type=\"section\" data-settings=\"{&quot;background_background&quot;:&quot;classic&quot;,&quot;_ob_bbad_use_it&quot;:&quot;yes&quot;,&quot;_ob_bbad_sssic_use&quot;:&quot;no&quot;,&quot;_ob_glider_is_slider&quot;:&quot;no&quot;}\">\n\t\t\t\t\t\t<div class=\"elementor-container elementor-column-gap-default\">\n\t\t\t\t\t<div class=\"elementor-column elementor-col-50 elementor-inner-column elementor-element elementor-element-9cbc01e\" data-id=\"9cbc01e\" data-element_type=\"column\" data-settings=\"{&quot;_ob_bbad_is_stalker&quot;:&quot;no&quot;,&quot;_ob_teleporter_use&quot;:false,&quot;_ob_column_hoveranimator&quot;:&quot;no&quot;,&quot;_ob_column_has_pseudo&quot;:&quot;no&quot;}\">\n\t\t\t<div class=\"elementor-widget-wrap elementor-element-populated\">\n\t\t\t\t\t\t<div class=\"elementor-element elementor-element-d713148 ob-harakiri-inherit ob-has-background-overlay elementor-widget elementor-widget-heading\" data-id=\"d713148\" data-element_type=\"widget\" data-settings=\"{&quot;_ob_use_harakiri&quot;:&quot;yes&quot;,&quot;_ob_harakiri_writing_mode&quot;:&quot;inherit&quot;,&quot;_ob_harakiri_text_clip&quot;:&quot;none&quot;,&quot;_ob_perspektive_use&quot;:&quot;no&quot;,&quot;_ob_poopart_use&quot;:&quot;yes&quot;,&quot;_ob_shadough_use&quot;:&quot;no&quot;,&quot;_ob_allow_hoveranimator&quot;:&quot;no&quot;,&quot;_ob_widget_stalker_use&quot;:&quot;no&quot;}\" data-widget_type=\"heading.default\">\n\t\t\t\t<div class=\"elementor-widget-container\">\n\t\t\t\t\t<h2 class=\"elementor-heading-title elementor-size-default\">Kes me oleme?<\/h2>\t\t\t\t<\/div>\n\t\t\t\t<\/div>\n\t\t\t\t<div class=\"elementor-element elementor-element-79677dd elementor-widget__width-inherit ob-harakiri-inherit ob-has-background-overlay elementor-widget elementor-widget-text-editor\" data-id=\"79677dd\" data-element_type=\"widget\" data-settings=\"{&quot;_ob_use_harakiri&quot;:&quot;yes&quot;,&quot;_ob_harakiri_writing_mode&quot;:&quot;inherit&quot;,&quot;_ob_postman_use&quot;:&quot;no&quot;,&quot;_ob_perspektive_use&quot;:&quot;no&quot;,&quot;_ob_poopart_use&quot;:&quot;yes&quot;,&quot;_ob_shadough_use&quot;:&quot;no&quot;,&quot;_ob_allow_hoveranimator&quot;:&quot;no&quot;,&quot;_ob_widget_stalker_use&quot;:&quot;no&quot;}\" data-widget_type=\"text-editor.default\">\n\t\t\t\t<div class=\"elementor-widget-container\">\n\t\t\t\t\t\t\t\t\t<p>Kui tavalise betoonimikseriga ei p\u00e4\u00e4se valukohale piisavalt l\u00e4hedale, v\u00f5i ei ole mikseri renniga mingil muul p\u00f5hjusel v\u00f5imalik valu teostada, kasutatakse betoonisegu mahalaadimiseks betooni pumpamist. Pumba kasutamine betoneerimist\u00f6\u00f6del v\u00e4hendab t\u00f6\u00f6j\u00f5u kulu ja kiirendab valuprotsessi tunduvalt.<\/p><p>Betooni pumpamiseks on tavaliselt kaks erinevat v\u00f5imalust, kasutatakse kas autobetoonipumpa v\u00f5i v\u00e4iksemate betooni koguste korral PUMI.<\/p>\t\t\t\t\t\t\t\t<\/div>\n\t\t\t\t<\/div>\n\t\t\t\t<div class=\"elementor-element elementor-element-78216bb ob-has-background-overlay elementor-widget elementor-widget-image\" data-id=\"78216bb\" data-element_type=\"widget\" data-settings=\"{&quot;_ob_photomorph_use&quot;:&quot;no&quot;,&quot;_ob_perspektive_use&quot;:&quot;no&quot;,&quot;_ob_poopart_use&quot;:&quot;yes&quot;,&quot;_ob_shadough_use&quot;:&quot;no&quot;,&quot;_ob_allow_hoveranimator&quot;:&quot;no&quot;,&quot;_ob_widget_stalker_use&quot;:&quot;no&quot;}\" data-widget_type=\"image.default\">\n\t\t\t\t<div class=\"elementor-widget-container\">\n\t\t\t\t\t\t\t\t\t\t\t\t\t\t\t<img fetchpriority=\"high\" decoding=\"async\" width=\"2560\" height=\"1244\" src=\"https:\/\/www.pumpmix.ee\/vana\/wp-content\/uploads\/2021\/06\/60ded208649d8-scaled.jpg\" class=\"attachment-full size-full wp-image-958\" alt=\"\" srcset=\"https:\/\/www.pumpmix.ee\/vana\/wp-content\/uploads\/2021\/06\/60ded208649d8-scaled.jpg 2560w, https:\/\/www.pumpmix.ee\/vana\/wp-content\/uploads\/2021\/06\/60ded208649d8-300x146.jpg 300w, https:\/\/www.pumpmix.ee\/vana\/wp-content\/uploads\/2021\/06\/60ded208649d8-1024x498.jpg 1024w, https:\/\/www.pumpmix.ee\/vana\/wp-content\/uploads\/2021\/06\/60ded208649d8-768x373.jpg 768w, https:\/\/www.pumpmix.ee\/vana\/wp-content\/uploads\/2021\/06\/60ded208649d8-1536x747.jpg 1536w, https:\/\/www.pumpmix.ee\/vana\/wp-content\/uploads\/2021\/06\/60ded208649d8-2048x996.jpg 2048w, https:\/\/www.pumpmix.ee\/vana\/wp-content\/uploads\/2021\/06\/60ded208649d8-1200x583.jpg 1200w, https:\/\/www.pumpmix.ee\/vana\/wp-content\/uploads\/2021\/06\/60ded208649d8-1980x963.jpg 1980w, https:\/\/www.pumpmix.ee\/vana\/wp-content\/uploads\/2021\/06\/60ded208649d8-600x292.jpg 600w\" sizes=\"(max-width: 2560px) 100vw, 2560px\" \/>\t\t\t\t\t\t\t\t\t\t\t\t\t\t\t<\/div>\n\t\t\t\t<\/div>\n\t\t\t\t\t<\/div>\n\t\t<\/div>\n\t\t\t\t<div class=\"elementor-column elementor-col-50 elementor-inner-column elementor-element elementor-element-dfef3f5\" data-id=\"dfef3f5\" data-element_type=\"column\" data-settings=\"{&quot;_ob_bbad_is_stalker&quot;:&quot;no&quot;,&quot;_ob_teleporter_use&quot;:false,&quot;_ob_column_hoveranimator&quot;:&quot;no&quot;,&quot;_ob_column_has_pseudo&quot;:&quot;no&quot;}\">\n\t\t\t<div class=\"elementor-widget-wrap elementor-element-populated\">\n\t\t\t\t\t\t<div class=\"elementor-element elementor-element-f45a61c ob-harakiri-inherit ob-has-background-overlay elementor-widget elementor-widget-heading\" data-id=\"f45a61c\" data-element_type=\"widget\" data-settings=\"{&quot;_ob_use_harakiri&quot;:&quot;yes&quot;,&quot;_ob_harakiri_writing_mode&quot;:&quot;inherit&quot;,&quot;_ob_harakiri_text_clip&quot;:&quot;none&quot;,&quot;_ob_perspektive_use&quot;:&quot;no&quot;,&quot;_ob_poopart_use&quot;:&quot;yes&quot;,&quot;_ob_shadough_use&quot;:&quot;no&quot;,&quot;_ob_allow_hoveranimator&quot;:&quot;no&quot;,&quot;_ob_widget_stalker_use&quot;:&quot;no&quot;}\" data-widget_type=\"heading.default\">\n\t\t\t\t<div class=\"elementor-widget-container\">\n\t\t\t\t\t<h2 class=\"elementor-heading-title elementor-size-default\">Esita p\u00e4ring veebis<\/h2>\t\t\t\t<\/div>\n\t\t\t\t<\/div>\n\t\t\t\t<div class=\"elementor-element elementor-element-2a572d4 elementor-widget__width-initial elementor-widget-mobile__width-inherit ob-has-background-overlay elementor-widget elementor-widget-form\" data-id=\"2a572d4\" data-element_type=\"widget\" data-settings=\"{&quot;_ob_perspektive_use&quot;:&quot;no&quot;,&quot;_ob_poopart_use&quot;:&quot;yes&quot;,&quot;_ob_shadough_use&quot;:&quot;no&quot;,&quot;_ob_allow_hoveranimator&quot;:&quot;no&quot;,&quot;_ob_widget_stalker_use&quot;:&quot;no&quot;}\" data-widget_type=\"form.default\">\n\t\t\t\t<div class=\"elementor-widget-container\">\n\t\t\t\t\t \t\t\t\t<\/div>\n\t\t\t\t<\/div>\n\t\t\t\t<div class=\"elementor-element elementor-element-b2854e6 elementor-hidden-phone ob-harakiri-inherit ob-has-background-overlay elementor-widget elementor-widget-heading\" data-id=\"b2854e6\" data-element_type=\"widget\" data-settings=\"{&quot;_ob_use_harakiri&quot;:&quot;yes&quot;,&quot;_ob_harakiri_writing_mode&quot;:&quot;inherit&quot;,&quot;_ob_harakiri_text_clip&quot;:&quot;none&quot;,&quot;_ob_perspektive_use&quot;:&quot;no&quot;,&quot;_ob_poopart_use&quot;:&quot;yes&quot;,&quot;_ob_shadough_use&quot;:&quot;no&quot;,&quot;_ob_allow_hoveranimator&quot;:&quot;no&quot;,&quot;_ob_widget_stalker_use&quot;:&quot;no&quot;}\" data-widget_type=\"heading.default\">\n\t\t\t\t<div class=\"elementor-widget-container\">\n\t\t\t\t\t<h2 class=\"elementor-heading-title elementor-size-default\">K\u00fcsimuste korral<\/h2>\t\t\t\t<\/div>\n\t\t\t\t<\/div>\n\t\t\t\t<div class=\"elementor-element elementor-element-283c42f elementor-hidden-phone ob-harakiri-inherit ob-has-background-overlay elementor-widget elementor-widget-heading\" data-id=\"283c42f\" data-element_type=\"widget\" data-settings=\"{&quot;_ob_use_harakiri&quot;:&quot;yes&quot;,&quot;_ob_harakiri_writing_mode&quot;:&quot;inherit&quot;,&quot;_ob_harakiri_text_clip&quot;:&quot;none&quot;,&quot;_ob_perspektive_use&quot;:&quot;no&quot;,&quot;_ob_poopart_use&quot;:&quot;yes&quot;,&quot;_ob_shadough_use&quot;:&quot;no&quot;,&quot;_ob_allow_hoveranimator&quot;:&quot;no&quot;,&quot;_ob_widget_stalker_use&quot;:&quot;no&quot;}\" data-widget_type=\"heading.default\">\n\t\t\t\t<div class=\"elementor-widget-container\">\n\t\t\t\t\t<h2 class=\"elementor-heading-title elementor-size-default\">+372 5014 252<\/h2>\t\t\t\t<\/div>\n\t\t\t\t<\/div>\n\t\t\t\t<div class=\"elementor-element elementor-element-e8c0757 elementor-hidden-phone ob-harakiri-inherit ob-has-background-overlay elementor-widget elementor-widget-heading\" data-id=\"e8c0757\" data-element_type=\"widget\" data-settings=\"{&quot;_ob_use_harakiri&quot;:&quot;yes&quot;,&quot;_ob_harakiri_writing_mode&quot;:&quot;inherit&quot;,&quot;_ob_harakiri_text_clip&quot;:&quot;none&quot;,&quot;_ob_perspektive_use&quot;:&quot;no&quot;,&quot;_ob_poopart_use&quot;:&quot;yes&quot;,&quot;_ob_shadough_use&quot;:&quot;no&quot;,&quot;_ob_allow_hoveranimator&quot;:&quot;no&quot;,&quot;_ob_widget_stalker_use&quot;:&quot;no&quot;}\" data-widget_type=\"heading.default\">\n\t\t\t\t<div class=\"elementor-widget-container\">\n\t\t\t\t\t<h2 class=\"elementor-heading-title elementor-size-default\">info@pumpmix.ee<\/h2>\t\t\t\t<\/div>\n\t\t\t\t<\/div>\n\t\t\t\t\t<\/div>\n\t\t<\/div>\n\t\t\t\t\t<\/div>\n\t\t<\/section>\n\t\t\t\t\t<\/div>\n\t\t<\/div>\n\t\t\t\t\t<\/div>\n\t\t<\/section>\n\t\t\t\t<\/div>\n\t\t","protected":false},"excerpt":{"rendered":"<p>Kui tavalise betoonimikseriga ei p\u00e4\u00e4se valukohale piisavalt l\u00e4hedale, v\u00f5i ei ole mikseri renniga mingil muul p\u00f5hjusel v\u00f5imalik valu teostada, kasutatakse betoonisegu mahalaadimiseks betooni pumpamist. Pumba kasutamine betoneerimist\u00f6\u00f6del v\u00e4hendab t\u00f6\u00f6j\u00f5u kulu ja kiirendab valuprotsessi tunduvalt. Betooni pumpamiseks on tavaliselt kaks erinevat v\u00f5imalust, kasutatakse kas autobetoonipumpa v\u00f5i v\u00e4iksemate betooni koguste korral PUMI. Esita p\u00e4ring veebis K\u00fcsimuste korral [&hellip;]<\/p>\n","protected":false},"author":1,"featured_media":0,"parent":0,"menu_order":0,"comment_status":"closed","ping_status":"closed","template":"elementor_header_footer","meta":{"footnotes":""},"class_list":["post-47","page","type-page","status-publish","hentry"],"yoast_head":"<!-- This site is optimized with the Yoast SEO plugin v25.8 - https:\/\/yoast.com\/wordpress\/plugins\/seo\/ -->\n<title>Betooni pumpamine - Pump-Mix O\u00dc<\/title>\n<meta name=\"robots\" content=\"noindex, follow, max-snippet:-1, max-image-preview:large, max-video-preview:-1\" \/>\n<meta property=\"og:locale\" content=\"et_EE\" \/>\n<meta property=\"og:type\" content=\"article\" \/>\n<meta property=\"og:title\" content=\"Betooni pumpamine - Pump-Mix O\u00dc\" \/>\n<meta property=\"og:description\" content=\"Kui tavalise betoonimikseriga ei p\u00e4\u00e4se valukohale piisavalt l\u00e4hedale, v\u00f5i ei ole mikseri renniga mingil muul p\u00f5hjusel v\u00f5imalik valu teostada, kasutatakse betoonisegu mahalaadimiseks betooni pumpamist. Pumba kasutamine betoneerimist\u00f6\u00f6del v\u00e4hendab t\u00f6\u00f6j\u00f5u kulu ja kiirendab valuprotsessi tunduvalt. Betooni pumpamiseks on tavaliselt kaks erinevat v\u00f5imalust, kasutatakse kas autobetoonipumpa v\u00f5i v\u00e4iksemate betooni koguste korral PUMI. Esita p\u00e4ring veebis K\u00fcsimuste korral [&hellip;]\" \/>\n<meta property=\"og:url\" content=\"https:\/\/www.pumpmix.ee\/vana\/betooni-pumpamine\/\" \/>\n<meta property=\"og:site_name\" content=\"Pump-Mix O\u00dc\" \/>\n<meta property=\"article:modified_time\" content=\"2021-08-02T18:54:03+00:00\" \/>\n<meta property=\"og:image\" content=\"http:\/\/pumpmix.ee\/vana\/wp-content\/uploads\/2021\/06\/60ded208649d8-scaled.jpg\" \/>\n<meta name=\"twitter:card\" content=\"summary_large_image\" \/>\n<script type=\"application\/ld+json\" class=\"yoast-schema-graph\">{\"@context\":\"https:\/\/schema.org\",\"@graph\":[{\"@type\":\"WebPage\",\"@id\":\"https:\/\/www.pumpmix.ee\/vana\/betooni-pumpamine\/\",\"url\":\"https:\/\/www.pumpmix.ee\/vana\/betooni-pumpamine\/\",\"name\":\"Betooni pumpamine - Pump-Mix O\u00dc\",\"isPartOf\":{\"@id\":\"https:\/\/www.pumpmix.ee\/vana\/#website\"},\"primaryImageOfPage\":{\"@id\":\"https:\/\/www.pumpmix.ee\/vana\/betooni-pumpamine\/#primaryimage\"},\"image\":{\"@id\":\"https:\/\/www.pumpmix.ee\/vana\/betooni-pumpamine\/#primaryimage\"},\"thumbnailUrl\":\"http:\/\/pumpmix.ee\/vana\/wp-content\/uploads\/2021\/06\/60ded208649d8-scaled.jpg\",\"datePublished\":\"2021-06-27T14:05:12+00:00\",\"dateModified\":\"2021-08-02T18:54:03+00:00\",\"breadcrumb\":{\"@id\":\"https:\/\/www.pumpmix.ee\/vana\/betooni-pumpamine\/#breadcrumb\"},\"inLanguage\":\"et\",\"potentialAction\":[{\"@type\":\"ReadAction\",\"target\":[\"https:\/\/www.pumpmix.ee\/vana\/betooni-pumpamine\/\"]}]},{\"@type\":\"ImageObject\",\"inLanguage\":\"et\",\"@id\":\"https:\/\/www.pumpmix.ee\/vana\/betooni-pumpamine\/#primaryimage\",\"url\":\"http:\/\/pumpmix.ee\/vana\/wp-content\/uploads\/2021\/06\/60ded208649d8-scaled.jpg\",\"contentUrl\":\"http:\/\/pumpmix.ee\/vana\/wp-content\/uploads\/2021\/06\/60ded208649d8-scaled.jpg\"},{\"@type\":\"BreadcrumbList\",\"@id\":\"https:\/\/www.pumpmix.ee\/vana\/betooni-pumpamine\/#breadcrumb\",\"itemListElement\":[{\"@type\":\"ListItem\",\"position\":1,\"name\":\"Home\",\"item\":\"https:\/\/www.pumpmix.ee\/vana\/\"},{\"@type\":\"ListItem\",\"position\":2,\"name\":\"Betooni pumpamine\"}]},{\"@type\":\"WebSite\",\"@id\":\"https:\/\/www.pumpmix.ee\/vana\/#website\",\"url\":\"https:\/\/www.pumpmix.ee\/vana\/\",\"name\":\"Pump-Mix O\u00dc\",\"description\":\"CIFA BETOONIAUTOD  AUTEC RAADIOPULDID  ELETTRONDATA JUHTIMISS\u00dcSTEEMID\",\"potentialAction\":[{\"@type\":\"SearchAction\",\"target\":{\"@type\":\"EntryPoint\",\"urlTemplate\":\"https:\/\/www.pumpmix.ee\/vana\/?s={search_term_string}\"},\"query-input\":{\"@type\":\"PropertyValueSpecification\",\"valueRequired\":true,\"valueName\":\"search_term_string\"}}],\"inLanguage\":\"et\"}]}<\/script>\n<!-- \/ Yoast SEO plugin. -->","yoast_head_json":{"title":"Betooni pumpamine - Pump-Mix O\u00dc","robots":{"index":"noindex","follow":"follow","max-snippet":"max-snippet:-1","max-image-preview":"max-image-preview:large","max-video-preview":"max-video-preview:-1"},"og_locale":"et_EE","og_type":"article","og_title":"Betooni pumpamine - Pump-Mix O\u00dc","og_description":"Kui tavalise betoonimikseriga ei p\u00e4\u00e4se valukohale piisavalt l\u00e4hedale, v\u00f5i ei ole mikseri renniga mingil muul p\u00f5hjusel v\u00f5imalik valu teostada, kasutatakse betoonisegu mahalaadimiseks betooni pumpamist. Pumba kasutamine betoneerimist\u00f6\u00f6del v\u00e4hendab t\u00f6\u00f6j\u00f5u kulu ja kiirendab valuprotsessi tunduvalt. Betooni pumpamiseks on tavaliselt kaks erinevat v\u00f5imalust, kasutatakse kas autobetoonipumpa v\u00f5i v\u00e4iksemate betooni koguste korral PUMI. Esita p\u00e4ring veebis K\u00fcsimuste korral [&hellip;]","og_url":"https:\/\/www.pumpmix.ee\/vana\/betooni-pumpamine\/","og_site_name":"Pump-Mix O\u00dc","article_modified_time":"2021-08-02T18:54:03+00:00","og_image":[{"url":"http:\/\/pumpmix.ee\/vana\/wp-content\/uploads\/2021\/06\/60ded208649d8-scaled.jpg","type":"","width":"","height":""}],"twitter_card":"summary_large_image","schema":{"@context":"https:\/\/schema.org","@graph":[{"@type":"WebPage","@id":"https:\/\/www.pumpmix.ee\/vana\/betooni-pumpamine\/","url":"https:\/\/www.pumpmix.ee\/vana\/betooni-pumpamine\/","name":"Betooni pumpamine - Pump-Mix O\u00dc","isPartOf":{"@id":"https:\/\/www.pumpmix.ee\/vana\/#website"},"primaryImageOfPage":{"@id":"https:\/\/www.pumpmix.ee\/vana\/betooni-pumpamine\/#primaryimage"},"image":{"@id":"https:\/\/www.pumpmix.ee\/vana\/betooni-pumpamine\/#primaryimage"},"thumbnailUrl":"http:\/\/pumpmix.ee\/vana\/wp-content\/uploads\/2021\/06\/60ded208649d8-scaled.jpg","datePublished":"2021-06-27T14:05:12+00:00","dateModified":"2021-08-02T18:54:03+00:00","breadcrumb":{"@id":"https:\/\/www.pumpmix.ee\/vana\/betooni-pumpamine\/#breadcrumb"},"inLanguage":"et","potentialAction":[{"@type":"ReadAction","target":["https:\/\/www.pumpmix.ee\/vana\/betooni-pumpamine\/"]}]},{"@type":"ImageObject","inLanguage":"et","@id":"https:\/\/www.pumpmix.ee\/vana\/betooni-pumpamine\/#primaryimage","url":"http:\/\/pumpmix.ee\/vana\/wp-content\/uploads\/2021\/06\/60ded208649d8-scaled.jpg","contentUrl":"http:\/\/pumpmix.ee\/vana\/wp-content\/uploads\/2021\/06\/60ded208649d8-scaled.jpg"},{"@type":"BreadcrumbList","@id":"https:\/\/www.pumpmix.ee\/vana\/betooni-pumpamine\/#breadcrumb","itemListElement":[{"@type":"ListItem","position":1,"name":"Home","item":"https:\/\/www.pumpmix.ee\/vana\/"},{"@type":"ListItem","position":2,"name":"Betooni pumpamine"}]},{"@type":"WebSite","@id":"https:\/\/www.pumpmix.ee\/vana\/#website","url":"https:\/\/www.pumpmix.ee\/vana\/","name":"Pump-Mix O\u00dc","description":"CIFA BETOONIAUTOD  AUTEC RAADIOPULDID  ELETTRONDATA JUHTIMISS\u00dcSTEEMID","potentialAction":[{"@type":"SearchAction","target":{"@type":"EntryPoint","urlTemplate":"https:\/\/www.pumpmix.ee\/vana\/?s={search_term_string}"},"query-input":{"@type":"PropertyValueSpecification","valueRequired":true,"valueName":"search_term_string"}}],"inLanguage":"et"}]}},"_links":{"self":[{"href":"https:\/\/www.pumpmix.ee\/vana\/wp-json\/wp\/v2\/pages\/47","targetHints":{"allow":["GET"]}}],"collection":[{"href":"https:\/\/www.pumpmix.ee\/vana\/wp-json\/wp\/v2\/pages"}],"about":[{"href":"https:\/\/www.pumpmix.ee\/vana\/wp-json\/wp\/v2\/types\/page"}],"author":[{"embeddable":true,"href":"https:\/\/www.pumpmix.ee\/vana\/wp-json\/wp\/v2\/users\/1"}],"replies":[{"embeddable":true,"href":"https:\/\/www.pumpmix.ee\/vana\/wp-json\/wp\/v2\/comments?post=47"}],"version-history":[{"count":5,"href":"https:\/\/www.pumpmix.ee\/vana\/wp-json\/wp\/v2\/pages\/47\/revisions"}],"predecessor-version":[{"id":2030,"href":"https:\/\/www.pumpmix.ee\/vana\/wp-json\/wp\/v2\/pages\/47\/revisions\/2030"}],"wp:attachment":[{"href":"https:\/\/www.pumpmix.ee\/vana\/wp-json\/wp\/v2\/media?parent=47"}],"curies":[{"name":"wp","href":"https:\/\/api.w.org\/{rel}","templated":true}]}}