{"id":36,"date":"2021-06-27T14:02:15","date_gmt":"2021-06-27T14:02:15","guid":{"rendered":"https:\/\/projekt.kliendiportaal.ee\/pump\/?page_id=36"},"modified":"2021-09-06T16:03:40","modified_gmt":"2021-09-06T16:03:40","slug":"kontaktid","status":"publish","type":"page","link":"https:\/\/www.pumpmix.ee\/vana\/kontaktid\/","title":{"rendered":"Kontaktid"},"content":{"rendered":"\t\t<div data-elementor-type=\"wp-page\" data-elementor-id=\"36\" class=\"elementor elementor-36\">\n\t\t\t\t\t\t<section class=\"ob-is-breaking-bad elementor-section elementor-top-section elementor-element elementor-element-b62ebee elementor-section-full_width elementor-section-height-default elementor-section-height-default\" data-id=\"b62ebee\" data-element_type=\"section\" data-settings=\"{&quot;background_background&quot;:&quot;classic&quot;,&quot;_ob_bbad_use_it&quot;:&quot;yes&quot;,&quot;_ob_bbad_sssic_use&quot;:&quot;no&quot;,&quot;_ob_glider_is_slider&quot;:&quot;no&quot;}\">\n\t\t\t\t\t\t\t<div class=\"elementor-background-overlay\"><\/div>\n\t\t\t\t\t\t\t<div class=\"elementor-container elementor-column-gap-default\">\n\t\t\t\t\t<div class=\"elementor-column elementor-col-50 elementor-top-column elementor-element elementor-element-b688f3e\" data-id=\"b688f3e\" data-element_type=\"column\" data-settings=\"{&quot;background_background&quot;:&quot;classic&quot;,&quot;_ob_bbad_is_stalker&quot;:&quot;no&quot;,&quot;_ob_teleporter_use&quot;:false,&quot;_ob_column_hoveranimator&quot;:&quot;no&quot;,&quot;_ob_column_has_pseudo&quot;:&quot;no&quot;}\">\n\t\t\t<div class=\"elementor-widget-wrap elementor-element-populated\">\n\t\t\t\t\t\t<div class=\"elementor-element elementor-element-9152d7d ob-harakiri-inherit ob-has-background-overlay elementor-widget elementor-widget-heading\" data-id=\"9152d7d\" data-element_type=\"widget\" data-settings=\"{&quot;_ob_use_harakiri&quot;:&quot;yes&quot;,&quot;_ob_harakiri_writing_mode&quot;:&quot;inherit&quot;,&quot;_ob_harakiri_text_clip&quot;:&quot;none&quot;,&quot;_ob_perspektive_use&quot;:&quot;no&quot;,&quot;_ob_poopart_use&quot;:&quot;yes&quot;,&quot;_ob_shadough_use&quot;:&quot;no&quot;,&quot;_ob_allow_hoveranimator&quot;:&quot;no&quot;,&quot;_ob_widget_stalker_use&quot;:&quot;no&quot;}\" data-widget_type=\"heading.default\">\n\t\t\t\t<div class=\"elementor-widget-container\">\n\t\t\t\t\t<h2 class=\"elementor-heading-title elementor-size-default\">Kirjuta meile<\/h2>\t\t\t\t<\/div>\n\t\t\t\t<\/div>\n\t\t\t\t<div class=\"elementor-element elementor-element-0833377 elementor-widget__width-initial elementor-widget-mobile__width-inherit ob-has-background-overlay elementor-widget elementor-widget-form\" data-id=\"0833377\" data-element_type=\"widget\" data-settings=\"{&quot;_ob_perspektive_use&quot;:&quot;no&quot;,&quot;_ob_poopart_use&quot;:&quot;yes&quot;,&quot;_ob_shadough_use&quot;:&quot;no&quot;,&quot;_ob_allow_hoveranimator&quot;:&quot;no&quot;,&quot;_ob_widget_stalker_use&quot;:&quot;no&quot;}\" data-widget_type=\"form.default\">\n\t\t\t\t<div class=\"elementor-widget-container\">\n\t\t\t\t\t \t\t\t\t<\/div>\n\t\t\t\t<\/div>\n\t\t\t\t\t<\/div>\n\t\t<\/div>\n\t\t\t\t<div class=\"elementor-column elementor-col-50 elementor-top-column elementor-element elementor-element-2ef0d78\" data-id=\"2ef0d78\" data-element_type=\"column\" data-settings=\"{&quot;background_background&quot;:&quot;classic&quot;,&quot;_ob_bbad_is_stalker&quot;:&quot;no&quot;,&quot;_ob_teleporter_use&quot;:false,&quot;_ob_column_hoveranimator&quot;:&quot;no&quot;,&quot;_ob_column_has_pseudo&quot;:&quot;no&quot;}\">\n\t\t\t<div class=\"elementor-widget-wrap elementor-element-populated\">\n\t\t\t\t\t\t<div class=\"elementor-element elementor-element-94f8aa1 ob-harakiri-inherit ob-has-background-overlay elementor-widget elementor-widget-heading\" data-id=\"94f8aa1\" data-element_type=\"widget\" data-settings=\"{&quot;_ob_use_harakiri&quot;:&quot;yes&quot;,&quot;_ob_harakiri_writing_mode&quot;:&quot;inherit&quot;,&quot;_ob_harakiri_text_clip&quot;:&quot;none&quot;,&quot;_ob_perspektive_use&quot;:&quot;no&quot;,&quot;_ob_poopart_use&quot;:&quot;yes&quot;,&quot;_ob_shadough_use&quot;:&quot;no&quot;,&quot;_ob_allow_hoveranimator&quot;:&quot;no&quot;,&quot;_ob_widget_stalker_use&quot;:&quot;no&quot;}\" data-widget_type=\"heading.default\">\n\t\t\t\t<div class=\"elementor-widget-container\">\n\t\t\t\t\t<h2 class=\"elementor-heading-title elementor-size-default\">V\u00f5ta \u00fchendust<\/h2>\t\t\t\t<\/div>\n\t\t\t\t<\/div>\n\t\t\t\t<div class=\"elementor-element elementor-element-adb4ba2 elementor-widget__width-initial ob-harakiri-inherit ob-has-background-overlay elementor-widget elementor-widget-text-editor\" data-id=\"adb4ba2\" data-element_type=\"widget\" data-settings=\"{&quot;_ob_use_harakiri&quot;:&quot;yes&quot;,&quot;_ob_harakiri_writing_mode&quot;:&quot;inherit&quot;,&quot;_ob_postman_use&quot;:&quot;no&quot;,&quot;_ob_perspektive_use&quot;:&quot;no&quot;,&quot;_ob_poopart_use&quot;:&quot;yes&quot;,&quot;_ob_shadough_use&quot;:&quot;no&quot;,&quot;_ob_allow_hoveranimator&quot;:&quot;no&quot;,&quot;_ob_widget_stalker_use&quot;:&quot;no&quot;}\" data-widget_type=\"text-editor.default\">\n\t\t\t\t<div class=\"elementor-widget-container\">\n\t\t\t\t\t\t\t\t\t<p>E-R 08:00 &#8211; 17:00<\/p><p><span style=\"text-decoration: underline;\">info@pumpmix.ee<\/span><\/p><p><span style=\"color: #000000;\">Tel <a class=\"techextension-click-to-call\" style=\"color: #000000;\" title=\"Click-to-Call +372 601 2783\">+372 601 2783<\/a><\/span><\/p><p><span style=\"color: #000000;\">Gsm <a class=\"techextension-click-to-call\" style=\"color: #000000;\" title=\"Click-to-Call +372 501 4252\">+372 501 4252<\/a><\/span><\/p>\t\t\t\t\t\t\t\t<\/div>\n\t\t\t\t<\/div>\n\t\t\t\t<div class=\"elementor-element elementor-element-35043f8 ob-harakiri-inherit ob-has-background-overlay elementor-widget elementor-widget-heading\" data-id=\"35043f8\" data-element_type=\"widget\" data-settings=\"{&quot;_ob_use_harakiri&quot;:&quot;yes&quot;,&quot;_ob_harakiri_writing_mode&quot;:&quot;inherit&quot;,&quot;_ob_harakiri_text_clip&quot;:&quot;none&quot;,&quot;_ob_perspektive_use&quot;:&quot;no&quot;,&quot;_ob_poopart_use&quot;:&quot;yes&quot;,&quot;_ob_shadough_use&quot;:&quot;no&quot;,&quot;_ob_allow_hoveranimator&quot;:&quot;no&quot;,&quot;_ob_widget_stalker_use&quot;:&quot;no&quot;}\" data-widget_type=\"heading.default\">\n\t\t\t\t<div class=\"elementor-widget-container\">\n\t\t\t\t\t<h2 class=\"elementor-heading-title elementor-size-default\">Juriidiline info<\/h2>\t\t\t\t<\/div>\n\t\t\t\t<\/div>\n\t\t\t\t<div class=\"elementor-element elementor-element-9ef0a69 elementor-widget__width-initial ob-harakiri-inherit ob-has-background-overlay elementor-widget elementor-widget-text-editor\" data-id=\"9ef0a69\" data-element_type=\"widget\" data-settings=\"{&quot;_ob_use_harakiri&quot;:&quot;yes&quot;,&quot;_ob_harakiri_writing_mode&quot;:&quot;inherit&quot;,&quot;_ob_postman_use&quot;:&quot;no&quot;,&quot;_ob_perspektive_use&quot;:&quot;no&quot;,&quot;_ob_poopart_use&quot;:&quot;yes&quot;,&quot;_ob_shadough_use&quot;:&quot;no&quot;,&quot;_ob_allow_hoveranimator&quot;:&quot;no&quot;,&quot;_ob_widget_stalker_use&quot;:&quot;no&quot;}\" data-widget_type=\"text-editor.default\">\n\t\t\t\t<div class=\"elementor-widget-container\">\n\t\t\t\t\t\t\t\t\t<p><strong>\u00c4rinimi:<\/strong> Pump-Mix O\u00dc<br \/><strong>Reg nr:<\/strong> 10670799<br \/><strong>Kmkr:<\/strong> EE100618570<br \/><strong>Aadress:<\/strong> Betooni 15 \/ Paneeli 5 11415 Tallinn Eesti<\/p>\t\t\t\t\t\t\t\t<\/div>\n\t\t\t\t<\/div>\n\t\t\t\t\t<\/div>\n\t\t<\/div>\n\t\t\t\t\t<\/div>\n\t\t<\/section>\n\t\t\t\t<\/div>\n\t\t","protected":false},"excerpt":{"rendered":"<p>Kirjuta meile V\u00f5ta \u00fchendust E-R 08:00 &#8211; 17:00 info@pumpmix.ee Tel +372 601 2783 Gsm +372 501 4252 Juriidiline info \u00c4rinimi: Pump-Mix O\u00dcReg nr: 10670799Kmkr: EE100618570Aadress: Betooni 15 \/ Paneeli 5 11415 Tallinn Eesti<\/p>\n","protected":false},"author":1,"featured_media":0,"parent":0,"menu_order":0,"comment_status":"closed","ping_status":"closed","template":"elementor_header_footer","meta":{"footnotes":""},"class_list":["post-36","page","type-page","status-publish","hentry"],"yoast_head":"<!-- This site is optimized with the Yoast SEO plugin v25.8 - https:\/\/yoast.com\/wordpress\/plugins\/seo\/ -->\n<title>Kontaktid - Pump-Mix O\u00dc<\/title>\n<meta name=\"robots\" content=\"noindex, follow, max-snippet:-1, max-image-preview:large, max-video-preview:-1\" \/>\n<meta property=\"og:locale\" content=\"et_EE\" \/>\n<meta property=\"og:type\" content=\"article\" \/>\n<meta property=\"og:title\" content=\"Kontaktid - Pump-Mix O\u00dc\" \/>\n<meta property=\"og:description\" content=\"Kirjuta meile V\u00f5ta \u00fchendust E-R 08:00 &#8211; 17:00 info@pumpmix.ee Tel +372 601 2783 Gsm +372 501 4252 Juriidiline info \u00c4rinimi: Pump-Mix O\u00dcReg nr: 10670799Kmkr: EE100618570Aadress: Betooni 15 \/ Paneeli 5 11415 Tallinn Eesti\" \/>\n<meta property=\"og:url\" content=\"https:\/\/www.pumpmix.ee\/vana\/kontaktid\/\" \/>\n<meta property=\"og:site_name\" content=\"Pump-Mix O\u00dc\" \/>\n<meta property=\"article:modified_time\" content=\"2021-09-06T16:03:40+00:00\" \/>\n<meta name=\"twitter:card\" content=\"summary_large_image\" \/>\n<meta name=\"twitter:label1\" content=\"Est. reading time\" \/>\n\t<meta name=\"twitter:data1\" content=\"1 minut\" \/>\n<script type=\"application\/ld+json\" class=\"yoast-schema-graph\">{\"@context\":\"https:\/\/schema.org\",\"@graph\":[{\"@type\":\"WebPage\",\"@id\":\"https:\/\/www.pumpmix.ee\/vana\/kontaktid\/\",\"url\":\"https:\/\/www.pumpmix.ee\/vana\/kontaktid\/\",\"name\":\"Kontaktid - Pump-Mix O\u00dc\",\"isPartOf\":{\"@id\":\"https:\/\/www.pumpmix.ee\/vana\/#website\"},\"datePublished\":\"2021-06-27T14:02:15+00:00\",\"dateModified\":\"2021-09-06T16:03:40+00:00\",\"breadcrumb\":{\"@id\":\"https:\/\/www.pumpmix.ee\/vana\/kontaktid\/#breadcrumb\"},\"inLanguage\":\"et\",\"potentialAction\":[{\"@type\":\"ReadAction\",\"target\":[\"https:\/\/www.pumpmix.ee\/vana\/kontaktid\/\"]}]},{\"@type\":\"BreadcrumbList\",\"@id\":\"https:\/\/www.pumpmix.ee\/vana\/kontaktid\/#breadcrumb\",\"itemListElement\":[{\"@type\":\"ListItem\",\"position\":1,\"name\":\"Home\",\"item\":\"https:\/\/www.pumpmix.ee\/vana\/\"},{\"@type\":\"ListItem\",\"position\":2,\"name\":\"Kontaktid\"}]},{\"@type\":\"WebSite\",\"@id\":\"https:\/\/www.pumpmix.ee\/vana\/#website\",\"url\":\"https:\/\/www.pumpmix.ee\/vana\/\",\"name\":\"Pump-Mix O\u00dc\",\"description\":\"CIFA BETOONIAUTOD  AUTEC RAADIOPULDID  ELETTRONDATA JUHTIMISS\u00dcSTEEMID\",\"potentialAction\":[{\"@type\":\"SearchAction\",\"target\":{\"@type\":\"EntryPoint\",\"urlTemplate\":\"https:\/\/www.pumpmix.ee\/vana\/?s={search_term_string}\"},\"query-input\":{\"@type\":\"PropertyValueSpecification\",\"valueRequired\":true,\"valueName\":\"search_term_string\"}}],\"inLanguage\":\"et\"}]}<\/script>\n<!-- \/ Yoast SEO plugin. -->","yoast_head_json":{"title":"Kontaktid - Pump-Mix O\u00dc","robots":{"index":"noindex","follow":"follow","max-snippet":"max-snippet:-1","max-image-preview":"max-image-preview:large","max-video-preview":"max-video-preview:-1"},"og_locale":"et_EE","og_type":"article","og_title":"Kontaktid - Pump-Mix O\u00dc","og_description":"Kirjuta meile V\u00f5ta \u00fchendust E-R 08:00 &#8211; 17:00 info@pumpmix.ee Tel +372 601 2783 Gsm +372 501 4252 Juriidiline info \u00c4rinimi: Pump-Mix O\u00dcReg nr: 10670799Kmkr: EE100618570Aadress: Betooni 15 \/ Paneeli 5 11415 Tallinn Eesti","og_url":"https:\/\/www.pumpmix.ee\/vana\/kontaktid\/","og_site_name":"Pump-Mix O\u00dc","article_modified_time":"2021-09-06T16:03:40+00:00","twitter_card":"summary_large_image","twitter_misc":{"Est. reading time":"1 minut"},"schema":{"@context":"https:\/\/schema.org","@graph":[{"@type":"WebPage","@id":"https:\/\/www.pumpmix.ee\/vana\/kontaktid\/","url":"https:\/\/www.pumpmix.ee\/vana\/kontaktid\/","name":"Kontaktid - Pump-Mix O\u00dc","isPartOf":{"@id":"https:\/\/www.pumpmix.ee\/vana\/#website"},"datePublished":"2021-06-27T14:02:15+00:00","dateModified":"2021-09-06T16:03:40+00:00","breadcrumb":{"@id":"https:\/\/www.pumpmix.ee\/vana\/kontaktid\/#breadcrumb"},"inLanguage":"et","potentialAction":[{"@type":"ReadAction","target":["https:\/\/www.pumpmix.ee\/vana\/kontaktid\/"]}]},{"@type":"BreadcrumbList","@id":"https:\/\/www.pumpmix.ee\/vana\/kontaktid\/#breadcrumb","itemListElement":[{"@type":"ListItem","position":1,"name":"Home","item":"https:\/\/www.pumpmix.ee\/vana\/"},{"@type":"ListItem","position":2,"name":"Kontaktid"}]},{"@type":"WebSite","@id":"https:\/\/www.pumpmix.ee\/vana\/#website","url":"https:\/\/www.pumpmix.ee\/vana\/","name":"Pump-Mix O\u00dc","description":"CIFA BETOONIAUTOD  AUTEC RAADIOPULDID  ELETTRONDATA JUHTIMISS\u00dcSTEEMID","potentialAction":[{"@type":"SearchAction","target":{"@type":"EntryPoint","urlTemplate":"https:\/\/www.pumpmix.ee\/vana\/?s={search_term_string}"},"query-input":{"@type":"PropertyValueSpecification","valueRequired":true,"valueName":"search_term_string"}}],"inLanguage":"et"}]}},"_links":{"self":[{"href":"https:\/\/www.pumpmix.ee\/vana\/wp-json\/wp\/v2\/pages\/36","targetHints":{"allow":["GET"]}}],"collection":[{"href":"https:\/\/www.pumpmix.ee\/vana\/wp-json\/wp\/v2\/pages"}],"about":[{"href":"https:\/\/www.pumpmix.ee\/vana\/wp-json\/wp\/v2\/types\/page"}],"author":[{"embeddable":true,"href":"https:\/\/www.pumpmix.ee\/vana\/wp-json\/wp\/v2\/users\/1"}],"replies":[{"embeddable":true,"href":"https:\/\/www.pumpmix.ee\/vana\/wp-json\/wp\/v2\/comments?post=36"}],"version-history":[{"count":5,"href":"https:\/\/www.pumpmix.ee\/vana\/wp-json\/wp\/v2\/pages\/36\/revisions"}],"predecessor-version":[{"id":2170,"href":"https:\/\/www.pumpmix.ee\/vana\/wp-json\/wp\/v2\/pages\/36\/revisions\/2170"}],"wp:attachment":[{"href":"https:\/\/www.pumpmix.ee\/vana\/wp-json\/wp\/v2\/media?parent=36"}],"curies":[{"name":"wp","href":"https:\/\/api.w.org\/{rel}","templated":true}]}}