{"id":1923,"date":"2021-07-26T12:05:46","date_gmt":"2021-07-26T12:05:46","guid":{"rendered":"http:\/\/pumpmix.ee\/vana\/?page_id=1923"},"modified":"2021-08-03T14:39:22","modified_gmt":"2021-08-03T14:39:22","slug":"vali-seeria","status":"publish","type":"page","link":"https:\/\/www.pumpmix.ee\/vana\/vali-seeria\/","title":{"rendered":"vali seeria"},"content":{"rendered":"\t\t<div data-elementor-type=\"wp-page\" data-elementor-id=\"1923\" class=\"elementor elementor-1923\">\n\t\t\t\t\t\t<section class=\"ob-is-breaking-bad elementor-section elementor-top-section elementor-element elementor-element-004c416 elementor-section-full_width elementor-section-height-default elementor-section-height-default\" data-id=\"004c416\" data-element_type=\"section\" data-settings=\"{&quot;background_background&quot;:&quot;classic&quot;,&quot;_ob_bbad_use_it&quot;:&quot;yes&quot;,&quot;_ob_bbad_sssic_use&quot;:&quot;no&quot;,&quot;_ob_glider_is_slider&quot;:&quot;no&quot;}\">\n\t\t\t\t\t\t\t<div class=\"elementor-background-overlay\"><\/div>\n\t\t\t\t\t\t\t<div class=\"elementor-container elementor-column-gap-default\">\n\t\t\t\t\t<div class=\"elementor-column elementor-col-100 elementor-top-column elementor-element elementor-element-aec9514\" data-id=\"aec9514\" data-element_type=\"column\" data-settings=\"{&quot;background_background&quot;:&quot;classic&quot;,&quot;_ob_bbad_is_stalker&quot;:&quot;no&quot;,&quot;_ob_teleporter_use&quot;:false,&quot;_ob_column_hoveranimator&quot;:&quot;no&quot;,&quot;_ob_column_has_pseudo&quot;:&quot;no&quot;}\">\n\t\t\t<div class=\"elementor-widget-wrap elementor-element-populated\">\n\t\t\t\t\t\t<section class=\"ob-is-breaking-bad ob-bb-inner elementor-section elementor-inner-section elementor-element elementor-element-85f8dc9 elementor-section-full_width elementor-section-height-default elementor-section-height-default\" data-id=\"85f8dc9\" data-element_type=\"section\" data-settings=\"{&quot;_ob_bbad_use_it&quot;:&quot;yes&quot;,&quot;_ob_bbad_sssic_use&quot;:&quot;no&quot;,&quot;_ob_glider_is_slider&quot;:&quot;no&quot;}\">\n\t\t\t\t\t\t<div class=\"elementor-container elementor-column-gap-default\">\n\t\t\t\t\t<div class=\"elementor-column elementor-col-50 elementor-inner-column elementor-element elementor-element-c4d9d75\" data-id=\"c4d9d75\" data-element_type=\"column\" data-settings=\"{&quot;background_background&quot;:&quot;classic&quot;,&quot;_ob_bbad_is_stalker&quot;:&quot;no&quot;,&quot;_ob_teleporter_use&quot;:false,&quot;_ob_column_hoveranimator&quot;:&quot;no&quot;,&quot;_ob_column_has_pseudo&quot;:&quot;no&quot;}\">\n\t\t\t<div class=\"elementor-widget-wrap elementor-element-populated\">\n\t\t\t\t\t\t<div class=\"elementor-element elementor-element-eaa7f4b ob-has-background-overlay elementor-widget elementor-widget-image\" data-id=\"eaa7f4b\" data-element_type=\"widget\" data-settings=\"{&quot;_ob_photomorph_use&quot;:&quot;no&quot;,&quot;_ob_perspektive_use&quot;:&quot;no&quot;,&quot;_ob_poopart_use&quot;:&quot;yes&quot;,&quot;_ob_shadough_use&quot;:&quot;no&quot;,&quot;_ob_allow_hoveranimator&quot;:&quot;no&quot;,&quot;_ob_widget_stalker_use&quot;:&quot;no&quot;}\" data-widget_type=\"image.default\">\n\t\t\t\t<div class=\"elementor-widget-container\">\n\t\t\t\t\t\t\t\t\t\t\t\t\t\t\t<img fetchpriority=\"high\" decoding=\"async\" width=\"555\" height=\"252\" src=\"https:\/\/www.pumpmix.ee\/vana\/wp-content\/uploads\/2021\/07\/csm_K47H_6fb5a4c0f4.jpg\" class=\"attachment-large size-large wp-image-1927\" alt=\"\" srcset=\"https:\/\/www.pumpmix.ee\/vana\/wp-content\/uploads\/2021\/07\/csm_K47H_6fb5a4c0f4.jpg 555w, https:\/\/www.pumpmix.ee\/vana\/wp-content\/uploads\/2021\/07\/csm_K47H_6fb5a4c0f4-300x136.jpg 300w\" sizes=\"(max-width: 555px) 100vw, 555px\" \/>\t\t\t\t\t\t\t\t\t\t\t\t\t\t\t<\/div>\n\t\t\t\t<\/div>\n\t\t\t\t<div class=\"elementor-element elementor-element-21eaac4 ob-harakiri-inherit ob-has-background-overlay elementor-widget elementor-widget-heading\" data-id=\"21eaac4\" data-element_type=\"widget\" data-settings=\"{&quot;_ob_use_harakiri&quot;:&quot;yes&quot;,&quot;_ob_harakiri_writing_mode&quot;:&quot;inherit&quot;,&quot;_ob_harakiri_text_clip&quot;:&quot;none&quot;,&quot;_ob_perspektive_use&quot;:&quot;no&quot;,&quot;_ob_poopart_use&quot;:&quot;yes&quot;,&quot;_ob_shadough_use&quot;:&quot;no&quot;,&quot;_ob_allow_hoveranimator&quot;:&quot;no&quot;,&quot;_ob_widget_stalker_use&quot;:&quot;no&quot;}\" data-widget_type=\"heading.default\">\n\t\t\t\t<div class=\"elementor-widget-container\">\n\t\t\t\t\t<h2 class=\"elementor-heading-title elementor-size-default\">Carbotech seeria<\/h2>\t\t\t\t<\/div>\n\t\t\t\t<\/div>\n\t\t\t\t<div class=\"elementor-element elementor-element-7913718 elementor-widget__width-inherit ob-harakiri-inherit ob-has-background-overlay elementor-widget elementor-widget-text-editor\" data-id=\"7913718\" data-element_type=\"widget\" data-settings=\"{&quot;_ob_use_harakiri&quot;:&quot;yes&quot;,&quot;_ob_harakiri_writing_mode&quot;:&quot;inherit&quot;,&quot;_ob_postman_use&quot;:&quot;no&quot;,&quot;_ob_perspektive_use&quot;:&quot;no&quot;,&quot;_ob_poopart_use&quot;:&quot;yes&quot;,&quot;_ob_shadough_use&quot;:&quot;no&quot;,&quot;_ob_allow_hoveranimator&quot;:&quot;no&quot;,&quot;_ob_widget_stalker_use&quot;:&quot;no&quot;}\" data-widget_type=\"text-editor.default\">\n\t\t\t\t<div class=\"elementor-widget-container\">\n\t\t\t\t\t\t\t\t\t<p>Carbotechi seeria on k\u00f5rge kvaliteediga, kolme liitekohaga kergete poomidega mis on valmistatud peeneteralisest terasest. Igal mudelil on kaks v\u00f5i enam poomi osa, mis teevad poomi liikumise t\u00e4pseks ja stabiilseks. Standardne tippvarustus (muudetava toega SMARTRONIC juhtimine) ASC ja suletud ahelaga elektroonilise pumba\u00fcksuse j\u00e4lgimine)!<br \/>Tehtud Itaalias!<\/p>\t\t\t\t\t\t\t\t<\/div>\n\t\t\t\t<\/div>\n\t\t\t\t<div class=\"elementor-element elementor-element-4f04aef ob-has-background-overlay elementor-widget elementor-widget-button\" data-id=\"4f04aef\" data-element_type=\"widget\" data-settings=\"{&quot;_ob_butterbutton_use_it&quot;:&quot;no&quot;,&quot;_ob_perspektive_use&quot;:&quot;no&quot;,&quot;_ob_poopart_use&quot;:&quot;yes&quot;,&quot;_ob_shadough_use&quot;:&quot;no&quot;,&quot;_ob_allow_hoveranimator&quot;:&quot;no&quot;,&quot;_ob_widget_stalker_use&quot;:&quot;no&quot;}\" data-widget_type=\"button.default\">\n\t\t\t\t<div class=\"elementor-widget-container\">\n\t\t\t\t\t\t\t\t\t<div class=\"elementor-button-wrapper\">\n\t\t\t\t\t<a class=\"elementor-button elementor-button-link elementor-size-sm\" href=\"http:\/\/pumpmix.ee\/vana\/tootekategooria\/cifa-betoonimasinad\/autobetoonipumbad\/carbotech\/\">\n\t\t\t\t\t\t<span class=\"elementor-button-content-wrapper\">\n\t\t\t\t\t\t\t\t\t<span class=\"elementor-button-text\">Vaata masinaid<\/span>\n\t\t\t\t\t<\/span>\n\t\t\t\t\t<\/a>\n\t\t\t\t<\/div>\n\t\t\t\t\t\t\t\t<\/div>\n\t\t\t\t<\/div>\n\t\t\t\t\t<\/div>\n\t\t<\/div>\n\t\t\t\t<div class=\"elementor-column elementor-col-50 elementor-inner-column elementor-element elementor-element-677e9b9\" data-id=\"677e9b9\" data-element_type=\"column\" data-settings=\"{&quot;background_background&quot;:&quot;classic&quot;,&quot;_ob_bbad_is_stalker&quot;:&quot;no&quot;,&quot;_ob_teleporter_use&quot;:false,&quot;_ob_column_hoveranimator&quot;:&quot;no&quot;,&quot;_ob_column_has_pseudo&quot;:&quot;no&quot;}\">\n\t\t\t<div class=\"elementor-widget-wrap elementor-element-populated\">\n\t\t\t\t\t\t<div class=\"elementor-element elementor-element-40d173e ob-has-background-overlay elementor-widget elementor-widget-image\" data-id=\"40d173e\" data-element_type=\"widget\" data-settings=\"{&quot;_ob_photomorph_use&quot;:&quot;no&quot;,&quot;_ob_perspektive_use&quot;:&quot;no&quot;,&quot;_ob_poopart_use&quot;:&quot;yes&quot;,&quot;_ob_shadough_use&quot;:&quot;no&quot;,&quot;_ob_allow_hoveranimator&quot;:&quot;no&quot;,&quot;_ob_widget_stalker_use&quot;:&quot;no&quot;}\" data-widget_type=\"image.default\">\n\t\t\t\t<div class=\"elementor-widget-container\">\n\t\t\t\t\t\t\t\t\t\t\t\t\t\t\t<img decoding=\"async\" width=\"555\" height=\"251\" src=\"https:\/\/www.pumpmix.ee\/vana\/wp-content\/uploads\/2021\/07\/csm_K42L_005c9ca1ee.jpg\" class=\"attachment-large size-large wp-image-1926\" alt=\"\" srcset=\"https:\/\/www.pumpmix.ee\/vana\/wp-content\/uploads\/2021\/07\/csm_K42L_005c9ca1ee.jpg 555w, https:\/\/www.pumpmix.ee\/vana\/wp-content\/uploads\/2021\/07\/csm_K42L_005c9ca1ee-300x136.jpg 300w\" sizes=\"(max-width: 555px) 100vw, 555px\" \/>\t\t\t\t\t\t\t\t\t\t\t\t\t\t\t<\/div>\n\t\t\t\t<\/div>\n\t\t\t\t<div class=\"elementor-element elementor-element-96c9236 ob-harakiri-inherit ob-has-background-overlay elementor-widget elementor-widget-heading\" data-id=\"96c9236\" data-element_type=\"widget\" data-settings=\"{&quot;_ob_use_harakiri&quot;:&quot;yes&quot;,&quot;_ob_harakiri_writing_mode&quot;:&quot;inherit&quot;,&quot;_ob_harakiri_text_clip&quot;:&quot;none&quot;,&quot;_ob_perspektive_use&quot;:&quot;no&quot;,&quot;_ob_poopart_use&quot;:&quot;yes&quot;,&quot;_ob_shadough_use&quot;:&quot;no&quot;,&quot;_ob_allow_hoveranimator&quot;:&quot;no&quot;,&quot;_ob_widget_stalker_use&quot;:&quot;no&quot;}\" data-widget_type=\"heading.default\">\n\t\t\t\t<div class=\"elementor-widget-container\">\n\t\t\t\t\t<h2 class=\"elementor-heading-title elementor-size-default\">Steeltech seeria<\/h2>\t\t\t\t<\/div>\n\t\t\t\t<\/div>\n\t\t\t\t<div class=\"elementor-element elementor-element-dbf99c1 elementor-widget__width-inherit ob-harakiri-inherit ob-has-background-overlay elementor-widget elementor-widget-text-editor\" data-id=\"dbf99c1\" data-element_type=\"widget\" data-settings=\"{&quot;_ob_use_harakiri&quot;:&quot;yes&quot;,&quot;_ob_harakiri_writing_mode&quot;:&quot;inherit&quot;,&quot;_ob_postman_use&quot;:&quot;no&quot;,&quot;_ob_perspektive_use&quot;:&quot;no&quot;,&quot;_ob_poopart_use&quot;:&quot;yes&quot;,&quot;_ob_shadough_use&quot;:&quot;no&quot;,&quot;_ob_allow_hoveranimator&quot;:&quot;no&quot;,&quot;_ob_widget_stalker_use&quot;:&quot;no&quot;}\" data-widget_type=\"text-editor.default\">\n\t\t\t\t<div class=\"elementor-widget-container\">\n\t\t\t\t\t\t\t\t\t<div class=\"elementor-element elementor-element-87dd565 elementor-widget elementor-widget-woocommerce-archive-description\" data-id=\"87dd565\" data-element_type=\"widget\" data-settings=\"{\" data-widget_type=\"woocommerce-archive-description.default\"><div class=\"elementor-widget-container\"><div class=\"term-description\"><p>Steeltech seeria on k\u00f5rgkvaliteetne, valikulise tippvarustusega (SMARTRONIC juhtimine muutuva toe j\u00e4lgimisega ASC ja suletud ahelaga elektrooniline pumbaseade) v\u00f5i standardvarustusega (EASYTRONIC juhtimine lihtsa tugiseirega LSC ja avatud kontuuriga pumba\u00fcksus)<\/p><\/div><\/div><\/div><div class=\"elementor-element elementor-element-3019a06 elementor-posts--align-center elementor-grid-3 elementor-grid-tablet-2 elementor-grid-mobile-1 elementor-posts--thumbnail-top elementor-posts__hover-gradient elementor-widget elementor-widget-archive-posts\" data-id=\"3019a06\" data-element_type=\"widget\" data-settings=\"{\" data-widget_type=\"archive-posts.archive_cards\"><div class=\"elementor-widget-container\"><div class=\"elementor-posts-container elementor-posts elementor-posts--skin-cards elementor-grid elementor-has-item-ratio\"><article class=\"elementor-post elementor-grid-item post-1808 product type-product status-publish has-post-thumbnail product_cat-cifa-steeltech first instock shipping-taxable product-type-simple\"><div class=\"elementor-post__card\">\u00a0<\/div><\/article><\/div><\/div><\/div>\t\t\t\t\t\t\t\t<\/div>\n\t\t\t\t<\/div>\n\t\t\t\t<div class=\"elementor-element elementor-element-224820d ob-has-background-overlay elementor-widget elementor-widget-button\" data-id=\"224820d\" data-element_type=\"widget\" data-settings=\"{&quot;_ob_butterbutton_use_it&quot;:&quot;no&quot;,&quot;_ob_perspektive_use&quot;:&quot;no&quot;,&quot;_ob_poopart_use&quot;:&quot;yes&quot;,&quot;_ob_shadough_use&quot;:&quot;no&quot;,&quot;_ob_allow_hoveranimator&quot;:&quot;no&quot;,&quot;_ob_widget_stalker_use&quot;:&quot;no&quot;}\" data-widget_type=\"button.default\">\n\t\t\t\t<div class=\"elementor-widget-container\">\n\t\t\t\t\t\t\t\t\t<div class=\"elementor-button-wrapper\">\n\t\t\t\t\t<a class=\"elementor-button elementor-button-link elementor-size-sm\" href=\"http:\/\/pumpmix.ee\/vana\/tootekategooria\/cifa-betoonimasinad\/autobetoonipumbad\/cifa-steeltech\/\">\n\t\t\t\t\t\t<span class=\"elementor-button-content-wrapper\">\n\t\t\t\t\t\t\t\t\t<span class=\"elementor-button-text\">Vaata masinaid<\/span>\n\t\t\t\t\t<\/span>\n\t\t\t\t\t<\/a>\n\t\t\t\t<\/div>\n\t\t\t\t\t\t\t\t<\/div>\n\t\t\t\t<\/div>\n\t\t\t\t\t<\/div>\n\t\t<\/div>\n\t\t\t\t\t<\/div>\n\t\t<\/section>\n\t\t\t\t\t<\/div>\n\t\t<\/div>\n\t\t\t\t\t<\/div>\n\t\t<\/section>\n\t\t\t\t<\/div>\n\t\t","protected":false},"excerpt":{"rendered":"<p>Carbotech seeria Carbotechi seeria on k\u00f5rge kvaliteediga, kolme liitekohaga kergete poomidega mis on valmistatud peeneteralisest terasest. Igal mudelil on kaks v\u00f5i enam poomi osa, mis teevad poomi liikumise t\u00e4pseks ja stabiilseks. Standardne tippvarustus (muudetava toega SMARTRONIC juhtimine) ASC ja suletud ahelaga elektroonilise pumba\u00fcksuse j\u00e4lgimine)!Tehtud Itaalias! Vaata masinaid Steeltech seeria Steeltech seeria on k\u00f5rgkvaliteetne, valikulise tippvarustusega [&hellip;]<\/p>\n","protected":false},"author":1,"featured_media":0,"parent":0,"menu_order":0,"comment_status":"closed","ping_status":"closed","template":"elementor_header_footer","meta":{"footnotes":""},"class_list":["post-1923","page","type-page","status-publish","hentry"],"yoast_head":"<!-- This site is optimized with the Yoast SEO plugin v25.8 - https:\/\/yoast.com\/wordpress\/plugins\/seo\/ -->\n<title>vali seeria - Pump-Mix O\u00dc<\/title>\n<meta name=\"robots\" content=\"noindex, follow, max-snippet:-1, max-image-preview:large, max-video-preview:-1\" \/>\n<meta property=\"og:locale\" content=\"et_EE\" \/>\n<meta property=\"og:type\" content=\"article\" \/>\n<meta property=\"og:title\" content=\"vali seeria - Pump-Mix O\u00dc\" \/>\n<meta property=\"og:description\" content=\"Carbotech seeria Carbotechi seeria on k\u00f5rge kvaliteediga, kolme liitekohaga kergete poomidega mis on valmistatud peeneteralisest terasest. Igal mudelil on kaks v\u00f5i enam poomi osa, mis teevad poomi liikumise t\u00e4pseks ja stabiilseks. Standardne tippvarustus (muudetava toega SMARTRONIC juhtimine) ASC ja suletud ahelaga elektroonilise pumba\u00fcksuse j\u00e4lgimine)!Tehtud Itaalias! Vaata masinaid Steeltech seeria Steeltech seeria on k\u00f5rgkvaliteetne, valikulise tippvarustusega [&hellip;]\" \/>\n<meta property=\"og:url\" content=\"https:\/\/www.pumpmix.ee\/vana\/vali-seeria\/\" \/>\n<meta property=\"og:site_name\" content=\"Pump-Mix O\u00dc\" \/>\n<meta property=\"article:modified_time\" content=\"2021-08-03T14:39:22+00:00\" \/>\n<meta property=\"og:image\" content=\"http:\/\/pumpmix.ee\/vana\/wp-content\/uploads\/2021\/07\/csm_K47H_6fb5a4c0f4.jpg\" \/>\n<meta name=\"twitter:card\" content=\"summary_large_image\" \/>\n<script type=\"application\/ld+json\" class=\"yoast-schema-graph\">{\"@context\":\"https:\/\/schema.org\",\"@graph\":[{\"@type\":\"WebPage\",\"@id\":\"https:\/\/www.pumpmix.ee\/vana\/vali-seeria\/\",\"url\":\"https:\/\/www.pumpmix.ee\/vana\/vali-seeria\/\",\"name\":\"vali seeria - Pump-Mix O\u00dc\",\"isPartOf\":{\"@id\":\"https:\/\/www.pumpmix.ee\/vana\/#website\"},\"primaryImageOfPage\":{\"@id\":\"https:\/\/www.pumpmix.ee\/vana\/vali-seeria\/#primaryimage\"},\"image\":{\"@id\":\"https:\/\/www.pumpmix.ee\/vana\/vali-seeria\/#primaryimage\"},\"thumbnailUrl\":\"http:\/\/pumpmix.ee\/vana\/wp-content\/uploads\/2021\/07\/csm_K47H_6fb5a4c0f4.jpg\",\"datePublished\":\"2021-07-26T12:05:46+00:00\",\"dateModified\":\"2021-08-03T14:39:22+00:00\",\"breadcrumb\":{\"@id\":\"https:\/\/www.pumpmix.ee\/vana\/vali-seeria\/#breadcrumb\"},\"inLanguage\":\"et\",\"potentialAction\":[{\"@type\":\"ReadAction\",\"target\":[\"https:\/\/www.pumpmix.ee\/vana\/vali-seeria\/\"]}]},{\"@type\":\"ImageObject\",\"inLanguage\":\"et\",\"@id\":\"https:\/\/www.pumpmix.ee\/vana\/vali-seeria\/#primaryimage\",\"url\":\"http:\/\/pumpmix.ee\/vana\/wp-content\/uploads\/2021\/07\/csm_K47H_6fb5a4c0f4.jpg\",\"contentUrl\":\"http:\/\/pumpmix.ee\/vana\/wp-content\/uploads\/2021\/07\/csm_K47H_6fb5a4c0f4.jpg\"},{\"@type\":\"BreadcrumbList\",\"@id\":\"https:\/\/www.pumpmix.ee\/vana\/vali-seeria\/#breadcrumb\",\"itemListElement\":[{\"@type\":\"ListItem\",\"position\":1,\"name\":\"Home\",\"item\":\"https:\/\/www.pumpmix.ee\/vana\/\"},{\"@type\":\"ListItem\",\"position\":2,\"name\":\"vali seeria\"}]},{\"@type\":\"WebSite\",\"@id\":\"https:\/\/www.pumpmix.ee\/vana\/#website\",\"url\":\"https:\/\/www.pumpmix.ee\/vana\/\",\"name\":\"Pump-Mix O\u00dc\",\"description\":\"CIFA BETOONIAUTOD  AUTEC RAADIOPULDID  ELETTRONDATA JUHTIMISS\u00dcSTEEMID\",\"potentialAction\":[{\"@type\":\"SearchAction\",\"target\":{\"@type\":\"EntryPoint\",\"urlTemplate\":\"https:\/\/www.pumpmix.ee\/vana\/?s={search_term_string}\"},\"query-input\":{\"@type\":\"PropertyValueSpecification\",\"valueRequired\":true,\"valueName\":\"search_term_string\"}}],\"inLanguage\":\"et\"}]}<\/script>\n<!-- \/ Yoast SEO plugin. -->","yoast_head_json":{"title":"vali seeria - Pump-Mix O\u00dc","robots":{"index":"noindex","follow":"follow","max-snippet":"max-snippet:-1","max-image-preview":"max-image-preview:large","max-video-preview":"max-video-preview:-1"},"og_locale":"et_EE","og_type":"article","og_title":"vali seeria - Pump-Mix O\u00dc","og_description":"Carbotech seeria Carbotechi seeria on k\u00f5rge kvaliteediga, kolme liitekohaga kergete poomidega mis on valmistatud peeneteralisest terasest. Igal mudelil on kaks v\u00f5i enam poomi osa, mis teevad poomi liikumise t\u00e4pseks ja stabiilseks. Standardne tippvarustus (muudetava toega SMARTRONIC juhtimine) ASC ja suletud ahelaga elektroonilise pumba\u00fcksuse j\u00e4lgimine)!Tehtud Itaalias! Vaata masinaid Steeltech seeria Steeltech seeria on k\u00f5rgkvaliteetne, valikulise tippvarustusega [&hellip;]","og_url":"https:\/\/www.pumpmix.ee\/vana\/vali-seeria\/","og_site_name":"Pump-Mix O\u00dc","article_modified_time":"2021-08-03T14:39:22+00:00","og_image":[{"url":"http:\/\/pumpmix.ee\/vana\/wp-content\/uploads\/2021\/07\/csm_K47H_6fb5a4c0f4.jpg","type":"","width":"","height":""}],"twitter_card":"summary_large_image","schema":{"@context":"https:\/\/schema.org","@graph":[{"@type":"WebPage","@id":"https:\/\/www.pumpmix.ee\/vana\/vali-seeria\/","url":"https:\/\/www.pumpmix.ee\/vana\/vali-seeria\/","name":"vali seeria - Pump-Mix O\u00dc","isPartOf":{"@id":"https:\/\/www.pumpmix.ee\/vana\/#website"},"primaryImageOfPage":{"@id":"https:\/\/www.pumpmix.ee\/vana\/vali-seeria\/#primaryimage"},"image":{"@id":"https:\/\/www.pumpmix.ee\/vana\/vali-seeria\/#primaryimage"},"thumbnailUrl":"http:\/\/pumpmix.ee\/vana\/wp-content\/uploads\/2021\/07\/csm_K47H_6fb5a4c0f4.jpg","datePublished":"2021-07-26T12:05:46+00:00","dateModified":"2021-08-03T14:39:22+00:00","breadcrumb":{"@id":"https:\/\/www.pumpmix.ee\/vana\/vali-seeria\/#breadcrumb"},"inLanguage":"et","potentialAction":[{"@type":"ReadAction","target":["https:\/\/www.pumpmix.ee\/vana\/vali-seeria\/"]}]},{"@type":"ImageObject","inLanguage":"et","@id":"https:\/\/www.pumpmix.ee\/vana\/vali-seeria\/#primaryimage","url":"http:\/\/pumpmix.ee\/vana\/wp-content\/uploads\/2021\/07\/csm_K47H_6fb5a4c0f4.jpg","contentUrl":"http:\/\/pumpmix.ee\/vana\/wp-content\/uploads\/2021\/07\/csm_K47H_6fb5a4c0f4.jpg"},{"@type":"BreadcrumbList","@id":"https:\/\/www.pumpmix.ee\/vana\/vali-seeria\/#breadcrumb","itemListElement":[{"@type":"ListItem","position":1,"name":"Home","item":"https:\/\/www.pumpmix.ee\/vana\/"},{"@type":"ListItem","position":2,"name":"vali seeria"}]},{"@type":"WebSite","@id":"https:\/\/www.pumpmix.ee\/vana\/#website","url":"https:\/\/www.pumpmix.ee\/vana\/","name":"Pump-Mix O\u00dc","description":"CIFA BETOONIAUTOD  AUTEC RAADIOPULDID  ELETTRONDATA JUHTIMISS\u00dcSTEEMID","potentialAction":[{"@type":"SearchAction","target":{"@type":"EntryPoint","urlTemplate":"https:\/\/www.pumpmix.ee\/vana\/?s={search_term_string}"},"query-input":{"@type":"PropertyValueSpecification","valueRequired":true,"valueName":"search_term_string"}}],"inLanguage":"et"}]}},"_links":{"self":[{"href":"https:\/\/www.pumpmix.ee\/vana\/wp-json\/wp\/v2\/pages\/1923","targetHints":{"allow":["GET"]}}],"collection":[{"href":"https:\/\/www.pumpmix.ee\/vana\/wp-json\/wp\/v2\/pages"}],"about":[{"href":"https:\/\/www.pumpmix.ee\/vana\/wp-json\/wp\/v2\/types\/page"}],"author":[{"embeddable":true,"href":"https:\/\/www.pumpmix.ee\/vana\/wp-json\/wp\/v2\/users\/1"}],"replies":[{"embeddable":true,"href":"https:\/\/www.pumpmix.ee\/vana\/wp-json\/wp\/v2\/comments?post=1923"}],"version-history":[{"count":5,"href":"https:\/\/www.pumpmix.ee\/vana\/wp-json\/wp\/v2\/pages\/1923\/revisions"}],"predecessor-version":[{"id":2100,"href":"https:\/\/www.pumpmix.ee\/vana\/wp-json\/wp\/v2\/pages\/1923\/revisions\/2100"}],"wp:attachment":[{"href":"https:\/\/www.pumpmix.ee\/vana\/wp-json\/wp\/v2\/media?parent=1923"}],"curies":[{"name":"wp","href":"https:\/\/api.w.org\/{rel}","templated":true}]}}