{"id":1029,"date":"2021-07-04T08:58:00","date_gmt":"2021-07-04T08:58:00","guid":{"rendered":"https:\/\/projekt.kliendiportaal.ee\/pump\/?page_id=1029"},"modified":"2021-08-03T14:20:25","modified_gmt":"2021-08-03T14:20:25","slug":"atabey-statsionaarserd-poomid","status":"publish","type":"page","link":"https:\/\/www.pumpmix.ee\/vana\/atabey-statsionaarserd-poomid\/","title":{"rendered":"ATABEY statsionaarserd poomid"},"content":{"rendered":"\t\t<div data-elementor-type=\"wp-page\" data-elementor-id=\"1029\" class=\"elementor elementor-1029\">\n\t\t\t\t\t\t<section class=\"ob-is-breaking-bad elementor-section elementor-top-section elementor-element elementor-element-db6f0ce elementor-section-full_width elementor-section-height-default elementor-section-height-default\" data-id=\"db6f0ce\" data-element_type=\"section\" data-settings=\"{&quot;background_background&quot;:&quot;classic&quot;,&quot;_ob_bbad_use_it&quot;:&quot;yes&quot;,&quot;_ob_bbad_sssic_use&quot;:&quot;no&quot;,&quot;_ob_glider_is_slider&quot;:&quot;no&quot;}\">\n\t\t\t\t\t\t\t<div class=\"elementor-background-overlay\"><\/div>\n\t\t\t\t\t\t\t<div class=\"elementor-container elementor-column-gap-default\">\n\t\t\t\t\t<div class=\"elementor-column elementor-col-100 elementor-top-column elementor-element elementor-element-38a9a96\" data-id=\"38a9a96\" data-element_type=\"column\" data-settings=\"{&quot;background_background&quot;:&quot;classic&quot;,&quot;_ob_bbad_is_stalker&quot;:&quot;no&quot;,&quot;_ob_teleporter_use&quot;:false,&quot;_ob_column_hoveranimator&quot;:&quot;no&quot;,&quot;_ob_column_has_pseudo&quot;:&quot;no&quot;}\">\n\t\t\t<div class=\"elementor-widget-wrap elementor-element-populated\">\n\t\t\t\t\t\t<section class=\"ob-is-breaking-bad ob-bb-inner elementor-section elementor-inner-section elementor-element elementor-element-b768712 elementor-section-full_width elementor-section-height-default elementor-section-height-default\" data-id=\"b768712\" data-element_type=\"section\" data-settings=\"{&quot;background_background&quot;:&quot;classic&quot;,&quot;_ob_bbad_use_it&quot;:&quot;yes&quot;,&quot;_ob_bbad_sssic_use&quot;:&quot;no&quot;,&quot;_ob_glider_is_slider&quot;:&quot;no&quot;}\">\n\t\t\t\t\t\t<div class=\"elementor-container elementor-column-gap-default\">\n\t\t\t\t\t<div class=\"elementor-column elementor-col-100 elementor-inner-column elementor-element elementor-element-01e1fd4\" data-id=\"01e1fd4\" data-element_type=\"column\" data-settings=\"{&quot;_ob_bbad_is_stalker&quot;:&quot;no&quot;,&quot;_ob_teleporter_use&quot;:false,&quot;_ob_column_hoveranimator&quot;:&quot;no&quot;,&quot;_ob_column_has_pseudo&quot;:&quot;no&quot;}\">\n\t\t\t<div class=\"elementor-widget-wrap elementor-element-populated\">\n\t\t\t\t\t\t<div class=\"elementor-element elementor-element-21d79d8 ob-harakiri-inherit ob-has-background-overlay elementor-widget elementor-widget-heading\" data-id=\"21d79d8\" data-element_type=\"widget\" data-settings=\"{&quot;_ob_use_harakiri&quot;:&quot;yes&quot;,&quot;_ob_harakiri_writing_mode&quot;:&quot;inherit&quot;,&quot;_ob_harakiri_text_clip&quot;:&quot;none&quot;,&quot;_ob_perspektive_use&quot;:&quot;no&quot;,&quot;_ob_poopart_use&quot;:&quot;yes&quot;,&quot;_ob_shadough_use&quot;:&quot;no&quot;,&quot;_ob_allow_hoveranimator&quot;:&quot;no&quot;,&quot;_ob_widget_stalker_use&quot;:&quot;no&quot;}\" data-widget_type=\"heading.default\">\n\t\t\t\t<div class=\"elementor-widget-container\">\n\t\t\t\t\t<h2 class=\"elementor-heading-title elementor-size-default\">Kes me oleme?<\/h2>\t\t\t\t<\/div>\n\t\t\t\t<\/div>\n\t\t\t\t<div class=\"elementor-element elementor-element-d1a26e9 elementor-widget__width-initial ob-harakiri-inherit ob-has-background-overlay elementor-widget elementor-widget-text-editor\" data-id=\"d1a26e9\" data-element_type=\"widget\" data-settings=\"{&quot;_ob_use_harakiri&quot;:&quot;yes&quot;,&quot;_ob_harakiri_writing_mode&quot;:&quot;inherit&quot;,&quot;_ob_postman_use&quot;:&quot;no&quot;,&quot;_ob_perspektive_use&quot;:&quot;no&quot;,&quot;_ob_poopart_use&quot;:&quot;yes&quot;,&quot;_ob_shadough_use&quot;:&quot;no&quot;,&quot;_ob_allow_hoveranimator&quot;:&quot;no&quot;,&quot;_ob_widget_stalker_use&quot;:&quot;no&quot;}\" data-widget_type=\"text-editor.default\">\n\t\t\t\t<div class=\"elementor-widget-container\">\n\t\t\t\t\t\t\t\t\t<p><strong>Atabey: betoonivalajate \u00fchine nimetaja enam kui 70 riigis.<\/strong><\/p><p>Betoon on hoonete ja enamus ehitust\u00f6\u00f6de alusmaterjal. Ehkki readymix-betooni valmistamine on juba muutunud &#8220;tavap\u00e4raseks protsessiks&#8221;, aitavad viimased arengud betooni pumpamise ja paigaldamise tehnikal kiirendada kogu protsessi l\u00f5petamist.<\/p><p>ATABEY on v\u00f5tnud eesm\u00e4rgiks ja saanud sellega v\u00e4ga h\u00e4sti hakkama v\u00e4lja t\u00f6\u00f6tada &#8220;eesk\u00e4tt kasutajas\u00f5bralikke&#8221; betooniapaigaldamise tooteid.<\/p>\t\t\t\t\t\t\t\t<\/div>\n\t\t\t\t<\/div>\n\t\t\t\t<div class=\"elementor-element elementor-element-fc40cfe elementor-widget__width-inherit elementor-hidden-desktop elementor-hidden-tablet ob-harakiri-inherit ob-has-background-overlay elementor-widget elementor-widget-text-editor\" data-id=\"fc40cfe\" data-element_type=\"widget\" data-settings=\"{&quot;_ob_use_harakiri&quot;:&quot;yes&quot;,&quot;_ob_harakiri_writing_mode&quot;:&quot;inherit&quot;,&quot;_ob_postman_use&quot;:&quot;no&quot;,&quot;_ob_perspektive_use&quot;:&quot;no&quot;,&quot;_ob_poopart_use&quot;:&quot;yes&quot;,&quot;_ob_shadough_use&quot;:&quot;no&quot;,&quot;_ob_allow_hoveranimator&quot;:&quot;no&quot;,&quot;_ob_widget_stalker_use&quot;:&quot;no&quot;}\" data-widget_type=\"text-editor.default\">\n\t\t\t\t<div class=\"elementor-widget-container\">\n\t\t\t\t\t\t\t\t\t<p>Tootja ametlik koduleht: <span style=\"color: #000000;\"><a style=\"color: #000000;\" href=\"https:\/\/www.atabeymakina.com\/en\/\"><strong>https:\/\/www.atabeymakina.com\/en\/<\/strong><\/a><\/span><\/p>\t\t\t\t\t\t\t\t<\/div>\n\t\t\t\t<\/div>\n\t\t\t\t<div class=\"elementor-element elementor-element-996df51 elementor-widget__width-initial elementor-widget-mobile__width-initial ob-has-background-overlay elementor-widget elementor-widget-image\" data-id=\"996df51\" data-element_type=\"widget\" data-settings=\"{&quot;_ob_photomorph_use&quot;:&quot;no&quot;,&quot;_ob_perspektive_use&quot;:&quot;no&quot;,&quot;_ob_poopart_use&quot;:&quot;yes&quot;,&quot;_ob_shadough_use&quot;:&quot;no&quot;,&quot;_ob_allow_hoveranimator&quot;:&quot;no&quot;,&quot;_ob_widget_stalker_use&quot;:&quot;no&quot;}\" data-widget_type=\"image.default\">\n\t\t\t\t<div class=\"elementor-widget-container\">\n\t\t\t\t\t\t\t\t\t\t\t\t\t\t\t<img decoding=\"async\" width=\"214\" height=\"90\" src=\"https:\/\/www.pumpmix.ee\/vana\/wp-content\/uploads\/2021\/06\/atabey-logo.png\" class=\"attachment-full size-full wp-image-1010\" alt=\"\" \/>\t\t\t\t\t\t\t\t\t\t\t\t\t\t\t<\/div>\n\t\t\t\t<\/div>\n\t\t\t\t<div class=\"elementor-element elementor-element-d4d8f9d elementor-widget__width-inherit elementor-hidden-tablet elementor-hidden-phone ob-harakiri-inherit ob-has-background-overlay elementor-widget elementor-widget-text-editor\" data-id=\"d4d8f9d\" data-element_type=\"widget\" data-settings=\"{&quot;_ob_use_harakiri&quot;:&quot;yes&quot;,&quot;_ob_harakiri_writing_mode&quot;:&quot;inherit&quot;,&quot;_ob_postman_use&quot;:&quot;no&quot;,&quot;_ob_perspektive_use&quot;:&quot;no&quot;,&quot;_ob_poopart_use&quot;:&quot;yes&quot;,&quot;_ob_shadough_use&quot;:&quot;no&quot;,&quot;_ob_allow_hoveranimator&quot;:&quot;no&quot;,&quot;_ob_widget_stalker_use&quot;:&quot;no&quot;}\" data-widget_type=\"text-editor.default\">\n\t\t\t\t<div class=\"elementor-widget-container\">\n\t\t\t\t\t\t\t\t\t<p>Tootja ametlik koduleht: <span style=\"color: #000000;\"><a style=\"color: #000000;\" href=\"https:\/\/www.atabeymakina.com\/en\/\"><strong>https:\/\/www.atabeymakina.com\/en\/<\/strong><\/a><\/span><\/p>\t\t\t\t\t\t\t\t<\/div>\n\t\t\t\t<\/div>\n\t\t\t\t<div class=\"elementor-element elementor-element-53f5ff4 ob-has-background-overlay elementor-widget elementor-widget-video\" data-id=\"53f5ff4\" data-element_type=\"widget\" data-settings=\"{&quot;video_type&quot;:&quot;hosted&quot;,&quot;autoplay&quot;:&quot;yes&quot;,&quot;mute&quot;:&quot;yes&quot;,&quot;loop&quot;:&quot;yes&quot;,&quot;_ob_perspektive_use&quot;:&quot;no&quot;,&quot;_ob_poopart_use&quot;:&quot;yes&quot;,&quot;_ob_shadough_use&quot;:&quot;no&quot;,&quot;_ob_allow_hoveranimator&quot;:&quot;no&quot;,&quot;_ob_widget_stalker_use&quot;:&quot;no&quot;}\" data-widget_type=\"video.default\">\n\t\t\t\t<div class=\"elementor-widget-container\">\n\t\t\t\t\t\t\t<div class=\"e-hosted-video elementor-wrapper elementor-open-inline\">\n\t\t\t\t\t<video class=\"elementor-video\" src=\"http:\/\/pumpmix.ee\/vana\/wp-content\/uploads\/2021\/07\/VID-20200325-WA0000-1.mp4\" autoplay=\"\" loop=\"\" muted=\"muted\" controlsList=\"nodownload\"><\/video>\n\t\t\t\t<\/div>\n\t\t\t\t\t\t<\/div>\n\t\t\t\t<\/div>\n\t\t\t\t\t<\/div>\n\t\t<\/div>\n\t\t\t\t\t<\/div>\n\t\t<\/section>\n\t\t\t\t\t<\/div>\n\t\t<\/div>\n\t\t\t\t\t<\/div>\n\t\t<\/section>\n\t\t\t\t<\/div>\n\t\t","protected":false},"excerpt":{"rendered":"<p>Atabey: betoonivalajate \u00fchine nimetaja enam kui 70 riigis. Betoon on hoonete ja enamus ehitust\u00f6\u00f6de alusmaterjal. Ehkki readymix-betooni valmistamine on juba muutunud &#8220;tavap\u00e4raseks protsessiks&#8221;, aitavad viimased arengud betooni pumpamise ja paigaldamise tehnikal kiirendada kogu protsessi l\u00f5petamist. ATABEY on v\u00f5tnud eesm\u00e4rgiks ja saanud sellega v\u00e4ga h\u00e4sti hakkama v\u00e4lja t\u00f6\u00f6tada &#8220;eesk\u00e4tt kasutajas\u00f5bralikke&#8221; betooniapaigaldamise tooteid. Tootja ametlik koduleht: https:\/\/www.atabeymakina.com\/en\/ [&hellip;]<\/p>\n","protected":false},"author":1,"featured_media":0,"parent":0,"menu_order":0,"comment_status":"closed","ping_status":"closed","template":"elementor_header_footer","meta":{"footnotes":""},"class_list":["post-1029","page","type-page","status-publish","hentry"],"yoast_head":"<!-- This site is optimized with the Yoast SEO plugin v25.8 - https:\/\/yoast.com\/wordpress\/plugins\/seo\/ -->\n<title>ATABEY statsionaarserd poomid - Pump-Mix O\u00dc<\/title>\n<meta name=\"robots\" content=\"noindex, follow, max-snippet:-1, max-image-preview:large, max-video-preview:-1\" \/>\n<meta property=\"og:locale\" content=\"et_EE\" \/>\n<meta property=\"og:type\" content=\"article\" \/>\n<meta property=\"og:title\" content=\"ATABEY statsionaarserd poomid - Pump-Mix O\u00dc\" \/>\n<meta property=\"og:description\" content=\"Atabey: betoonivalajate \u00fchine nimetaja enam kui 70 riigis. Betoon on hoonete ja enamus ehitust\u00f6\u00f6de alusmaterjal. Ehkki readymix-betooni valmistamine on juba muutunud &#8220;tavap\u00e4raseks protsessiks&#8221;, aitavad viimased arengud betooni pumpamise ja paigaldamise tehnikal kiirendada kogu protsessi l\u00f5petamist. ATABEY on v\u00f5tnud eesm\u00e4rgiks ja saanud sellega v\u00e4ga h\u00e4sti hakkama v\u00e4lja t\u00f6\u00f6tada &#8220;eesk\u00e4tt kasutajas\u00f5bralikke&#8221; betooniapaigaldamise tooteid. Tootja ametlik koduleht: https:\/\/www.atabeymakina.com\/en\/ [&hellip;]\" \/>\n<meta property=\"og:url\" content=\"https:\/\/www.pumpmix.ee\/vana\/atabey-statsionaarserd-poomid\/\" \/>\n<meta property=\"og:site_name\" content=\"Pump-Mix O\u00dc\" \/>\n<meta property=\"article:modified_time\" content=\"2021-08-03T14:20:25+00:00\" \/>\n<meta property=\"og:image\" content=\"http:\/\/pumpmix.ee\/vana\/wp-content\/uploads\/2021\/06\/atabey-logo.png\" \/>\n<meta name=\"twitter:card\" content=\"summary_large_image\" \/>\n<script type=\"application\/ld+json\" class=\"yoast-schema-graph\">{\"@context\":\"https:\/\/schema.org\",\"@graph\":[{\"@type\":\"WebPage\",\"@id\":\"https:\/\/www.pumpmix.ee\/vana\/atabey-statsionaarserd-poomid\/\",\"url\":\"https:\/\/www.pumpmix.ee\/vana\/atabey-statsionaarserd-poomid\/\",\"name\":\"ATABEY statsionaarserd poomid - Pump-Mix O\u00dc\",\"isPartOf\":{\"@id\":\"https:\/\/www.pumpmix.ee\/vana\/#website\"},\"primaryImageOfPage\":{\"@id\":\"https:\/\/www.pumpmix.ee\/vana\/atabey-statsionaarserd-poomid\/#primaryimage\"},\"image\":{\"@id\":\"https:\/\/www.pumpmix.ee\/vana\/atabey-statsionaarserd-poomid\/#primaryimage\"},\"thumbnailUrl\":\"http:\/\/pumpmix.ee\/vana\/wp-content\/uploads\/2021\/06\/atabey-logo.png\",\"datePublished\":\"2021-07-04T08:58:00+00:00\",\"dateModified\":\"2021-08-03T14:20:25+00:00\",\"breadcrumb\":{\"@id\":\"https:\/\/www.pumpmix.ee\/vana\/atabey-statsionaarserd-poomid\/#breadcrumb\"},\"inLanguage\":\"et\",\"potentialAction\":[{\"@type\":\"ReadAction\",\"target\":[\"https:\/\/www.pumpmix.ee\/vana\/atabey-statsionaarserd-poomid\/\"]}]},{\"@type\":\"ImageObject\",\"inLanguage\":\"et\",\"@id\":\"https:\/\/www.pumpmix.ee\/vana\/atabey-statsionaarserd-poomid\/#primaryimage\",\"url\":\"http:\/\/pumpmix.ee\/vana\/wp-content\/uploads\/2021\/06\/atabey-logo.png\",\"contentUrl\":\"http:\/\/pumpmix.ee\/vana\/wp-content\/uploads\/2021\/06\/atabey-logo.png\"},{\"@type\":\"BreadcrumbList\",\"@id\":\"https:\/\/www.pumpmix.ee\/vana\/atabey-statsionaarserd-poomid\/#breadcrumb\",\"itemListElement\":[{\"@type\":\"ListItem\",\"position\":1,\"name\":\"Home\",\"item\":\"https:\/\/www.pumpmix.ee\/vana\/\"},{\"@type\":\"ListItem\",\"position\":2,\"name\":\"ATABEY statsionaarserd poomid\"}]},{\"@type\":\"WebSite\",\"@id\":\"https:\/\/www.pumpmix.ee\/vana\/#website\",\"url\":\"https:\/\/www.pumpmix.ee\/vana\/\",\"name\":\"Pump-Mix O\u00dc\",\"description\":\"CIFA BETOONIAUTOD  AUTEC RAADIOPULDID  ELETTRONDATA JUHTIMISS\u00dcSTEEMID\",\"potentialAction\":[{\"@type\":\"SearchAction\",\"target\":{\"@type\":\"EntryPoint\",\"urlTemplate\":\"https:\/\/www.pumpmix.ee\/vana\/?s={search_term_string}\"},\"query-input\":{\"@type\":\"PropertyValueSpecification\",\"valueRequired\":true,\"valueName\":\"search_term_string\"}}],\"inLanguage\":\"et\"}]}<\/script>\n<!-- \/ Yoast SEO plugin. -->","yoast_head_json":{"title":"ATABEY statsionaarserd poomid - Pump-Mix O\u00dc","robots":{"index":"noindex","follow":"follow","max-snippet":"max-snippet:-1","max-image-preview":"max-image-preview:large","max-video-preview":"max-video-preview:-1"},"og_locale":"et_EE","og_type":"article","og_title":"ATABEY statsionaarserd poomid - Pump-Mix O\u00dc","og_description":"Atabey: betoonivalajate \u00fchine nimetaja enam kui 70 riigis. Betoon on hoonete ja enamus ehitust\u00f6\u00f6de alusmaterjal. Ehkki readymix-betooni valmistamine on juba muutunud &#8220;tavap\u00e4raseks protsessiks&#8221;, aitavad viimased arengud betooni pumpamise ja paigaldamise tehnikal kiirendada kogu protsessi l\u00f5petamist. ATABEY on v\u00f5tnud eesm\u00e4rgiks ja saanud sellega v\u00e4ga h\u00e4sti hakkama v\u00e4lja t\u00f6\u00f6tada &#8220;eesk\u00e4tt kasutajas\u00f5bralikke&#8221; betooniapaigaldamise tooteid. Tootja ametlik koduleht: https:\/\/www.atabeymakina.com\/en\/ [&hellip;]","og_url":"https:\/\/www.pumpmix.ee\/vana\/atabey-statsionaarserd-poomid\/","og_site_name":"Pump-Mix O\u00dc","article_modified_time":"2021-08-03T14:20:25+00:00","og_image":[{"url":"http:\/\/pumpmix.ee\/vana\/wp-content\/uploads\/2021\/06\/atabey-logo.png","type":"","width":"","height":""}],"twitter_card":"summary_large_image","schema":{"@context":"https:\/\/schema.org","@graph":[{"@type":"WebPage","@id":"https:\/\/www.pumpmix.ee\/vana\/atabey-statsionaarserd-poomid\/","url":"https:\/\/www.pumpmix.ee\/vana\/atabey-statsionaarserd-poomid\/","name":"ATABEY statsionaarserd poomid - Pump-Mix O\u00dc","isPartOf":{"@id":"https:\/\/www.pumpmix.ee\/vana\/#website"},"primaryImageOfPage":{"@id":"https:\/\/www.pumpmix.ee\/vana\/atabey-statsionaarserd-poomid\/#primaryimage"},"image":{"@id":"https:\/\/www.pumpmix.ee\/vana\/atabey-statsionaarserd-poomid\/#primaryimage"},"thumbnailUrl":"http:\/\/pumpmix.ee\/vana\/wp-content\/uploads\/2021\/06\/atabey-logo.png","datePublished":"2021-07-04T08:58:00+00:00","dateModified":"2021-08-03T14:20:25+00:00","breadcrumb":{"@id":"https:\/\/www.pumpmix.ee\/vana\/atabey-statsionaarserd-poomid\/#breadcrumb"},"inLanguage":"et","potentialAction":[{"@type":"ReadAction","target":["https:\/\/www.pumpmix.ee\/vana\/atabey-statsionaarserd-poomid\/"]}]},{"@type":"ImageObject","inLanguage":"et","@id":"https:\/\/www.pumpmix.ee\/vana\/atabey-statsionaarserd-poomid\/#primaryimage","url":"http:\/\/pumpmix.ee\/vana\/wp-content\/uploads\/2021\/06\/atabey-logo.png","contentUrl":"http:\/\/pumpmix.ee\/vana\/wp-content\/uploads\/2021\/06\/atabey-logo.png"},{"@type":"BreadcrumbList","@id":"https:\/\/www.pumpmix.ee\/vana\/atabey-statsionaarserd-poomid\/#breadcrumb","itemListElement":[{"@type":"ListItem","position":1,"name":"Home","item":"https:\/\/www.pumpmix.ee\/vana\/"},{"@type":"ListItem","position":2,"name":"ATABEY statsionaarserd poomid"}]},{"@type":"WebSite","@id":"https:\/\/www.pumpmix.ee\/vana\/#website","url":"https:\/\/www.pumpmix.ee\/vana\/","name":"Pump-Mix O\u00dc","description":"CIFA BETOONIAUTOD  AUTEC RAADIOPULDID  ELETTRONDATA JUHTIMISS\u00dcSTEEMID","potentialAction":[{"@type":"SearchAction","target":{"@type":"EntryPoint","urlTemplate":"https:\/\/www.pumpmix.ee\/vana\/?s={search_term_string}"},"query-input":{"@type":"PropertyValueSpecification","valueRequired":true,"valueName":"search_term_string"}}],"inLanguage":"et"}]}},"_links":{"self":[{"href":"https:\/\/www.pumpmix.ee\/vana\/wp-json\/wp\/v2\/pages\/1029","targetHints":{"allow":["GET"]}}],"collection":[{"href":"https:\/\/www.pumpmix.ee\/vana\/wp-json\/wp\/v2\/pages"}],"about":[{"href":"https:\/\/www.pumpmix.ee\/vana\/wp-json\/wp\/v2\/types\/page"}],"author":[{"embeddable":true,"href":"https:\/\/www.pumpmix.ee\/vana\/wp-json\/wp\/v2\/users\/1"}],"replies":[{"embeddable":true,"href":"https:\/\/www.pumpmix.ee\/vana\/wp-json\/wp\/v2\/comments?post=1029"}],"version-history":[{"count":5,"href":"https:\/\/www.pumpmix.ee\/vana\/wp-json\/wp\/v2\/pages\/1029\/revisions"}],"predecessor-version":[{"id":2066,"href":"https:\/\/www.pumpmix.ee\/vana\/wp-json\/wp\/v2\/pages\/1029\/revisions\/2066"}],"wp:attachment":[{"href":"https:\/\/www.pumpmix.ee\/vana\/wp-json\/wp\/v2\/media?parent=1029"}],"curies":[{"name":"wp","href":"https:\/\/api.w.org\/{rel}","templated":true}]}}